{"id":105,"date":"2017-09-24T10:04:53","date_gmt":"2017-09-24T10:04:53","guid":{"rendered":"http:\/\/bilogik.hu\/?page_id=105"},"modified":"2025-09-12T09:37:37","modified_gmt":"2025-09-12T09:37:37","slug":"munkatarsaink","status":"publish","type":"page","link":"https:\/\/bilogik.hu\/index.php\/munkatarsaink\/","title":{"rendered":"MUNKAT\u00c1RSAINK"},"content":{"rendered":"<table style=\"height: 793px; width: 73.7291%; border-color: #1e73be;\">\n<tbody>\n<tr style=\"height: 48.6667px;\">\n<td style=\"border-color: #1e73be; width: 27.8992%; height: 48.6667px;\">\n<p style=\"text-align: left;\"><span style=\"font-size: 10pt; color: #000000; font-family: arial, helvetica, sans-serif;\"><strong>N\u00e9v<\/strong><\/span><\/p>\n<\/td>\n<td style=\"border-color: #1e73be; width: 17.479%; height: 48.6667px;\"><span style=\"font-size: 10pt; color: #000000; font-family: arial, helvetica, sans-serif;\"><strong>Munkak\u00f6r<\/strong><\/span><\/td>\n<td style=\"border-color: #1e73be; width: 27.7311%; height: 48.6667px;\"><span style=\"font-size: 10pt; color: #000000; font-family: arial, helvetica, sans-serif;\"><strong>Email<\/strong><\/span><\/td>\n<td style=\"border-color: #1e73be; width: 29.7784%; height: 48.6667px;\"><span style=\"font-size: 10pt; color: #000000; font-family: arial, helvetica, sans-serif;\"><strong>MMK<\/strong><\/span><\/td>\n<\/tr>\n<tr style=\"height: 10px;\">\n<td style=\"border-color: #1e73be; width: 27.8992%; height: 16px;\"><span style=\"font-family: arial, helvetica, sans-serif; font-size: 10pt;\">Garaguly Zolt\u00e1n<\/span><\/td>\n<td style=\"border-color: #1e73be; width: 17.479%; height: 16px;\"><span style=\"font-family: arial, helvetica, sans-serif; font-size: 10pt;\">\u00fcgyvezet\u0151<\/span><\/td>\n<td style=\"border-color: #1e73be; width: 27.7311%; height: 16px;\"><span style=\"font-family: arial, helvetica, sans-serif; font-size: 10pt;\"><a href=\"mailto:garagulyz@bilogik.hu\">garagulyz@bilogik.hu<\/a><\/span><\/td>\n<td style=\"border-color: #1e73be; width: 29.7784%; height: 16px;\"><span style=\"font-family: arial, helvetica, sans-serif; font-size: 10pt;\">K\u00c9-VV\/13-7536<\/span><\/p>\n<p><span style=\"font-family: arial, helvetica, sans-serif; font-size: 10pt;\">SZ\u00c9M1\/13-7536<\/span><\/td>\n<\/tr>\n<tr style=\"height: 10px;\">\n<td style=\"border-color: #1e73be; width: 27.8992%; height: 16px;\"><span style=\"font-family: arial, helvetica, sans-serif; font-size: 10pt;\">Dobrik Norbert<\/span><\/td>\n<td style=\"border-color: #1e73be; width: 17.479%; height: 16px;\"><span style=\"font-family: arial, helvetica, sans-serif; font-size: 10pt;\">\u00fcgyvezet\u0151\u00a0<\/span><\/td>\n<td style=\"border-color: #1e73be; width: 27.7311%; height: 16px;\"><span style=\"font-family: arial, helvetica, sans-serif; font-size: 10pt;\"><a href=\"mailto:dobrikn@bilogik.hu\">dobrikn@bilogik.hu<\/a>\u00a0<\/span><\/td>\n<td style=\"border-color: #1e73be; width: 29.7784%; height: 16px;\"><span style=\"font-family: arial, helvetica, sans-serif; font-size: 10pt;\">K\u00c9-VV\/13-14547<\/span><\/p>\n<p><span style=\"font-family: arial, helvetica, sans-serif; font-size: 10pt;\"> SZ\u00c9M1\/13-14547<\/span><\/td>\n<\/tr>\n<tr style=\"height: 35px;\">\n<td style=\"border-color: #1e73be; width: 27.8992%; height: 35px;\"><span style=\"font-family: arial, helvetica, sans-serif; font-size: 10pt;\">Sz\u00e9kely B\u00e9la<\/span><\/td>\n<td style=\"border-color: #1e73be; width: 17.479%; height: 35px;\"><span style=\"color: #000000; font-family: arial, helvetica, sans-serif;\"><span style=\"font-size: 13.3333px;\">tervez\u0151<\/span><\/span><\/td>\n<td style=\"border-color: #1e73be; width: 27.7311%; height: 35px;\"><span style=\"font-family: arial, helvetica, sans-serif; font-size: 10pt;\"><a href=\"mailto:szekelyb@bilogik.hu\">szekelyb@bilogik.hu<\/a><\/span><\/td>\n<td style=\"border-color: #1e73be; width: 29.7784%; height: 35px;\"><span style=\"font-size: 10pt; color: #000000; font-family: arial, helvetica, sans-serif;\">K\u00c9-VV\/13-7541<\/span><\/td>\n<\/tr>\n<tr style=\"height: 35px;\">\n<td style=\"border-color: #1e73be; width: 27.8992%; height: 35px;\"><span style=\"font-size: 10pt; color: #000000; font-family: arial, helvetica, sans-serif;\">Tarl\u00f3s Andr\u00e1s \u00a0<\/span><\/td>\n<td style=\"border-color: #1e73be; width: 17.479%; height: 35px;\"><span style=\"font-size: 10pt; color: #000000; font-family: arial, helvetica, sans-serif;\">tervez\u0151\u00a0<\/span><\/td>\n<td style=\"border-color: #1e73be; width: 27.7311%; height: 35px;\"><span style=\"font-size: 10pt; color: #000000; font-family: arial, helvetica, sans-serif;\"><a href=\"mailto:tarlosa@bilogik.hu\">tarlosa@bilogik.hu<\/a><\/span><\/td>\n<td style=\"border-color: #1e73be; width: 29.7784%; height: 35px;\"><span style=\"font-size: 10pt; color: #000000; font-family: arial, helvetica, sans-serif;\">K\u00c9-VV\/01-12895<\/span><\/td>\n<\/tr>\n<tr style=\"height: 35px;\">\n<td style=\"border-color: #1e73be; width: 27.8992%; height: 35px;\"><span style=\"color: #000000; font-family: arial, helvetica, sans-serif; font-size: 13.3333px;\">Kiss Ildik\u00f3\u00a0<\/span><\/td>\n<td style=\"border-color: #1e73be; width: 17.479%; height: 35px;\"><span style=\"color: #000000; font-family: arial, helvetica, sans-serif; font-size: 13.3333px;\">irodavezet\u0151<\/span><\/td>\n<td style=\"border-color: #1e73be; width: 27.7311%; height: 35px;\"><a style=\"font-family: arial, helvetica, sans-serif; font-size: 13.3333px;\" href=\"mailto:kissi@bilogik.hu\">kissi@bilogik.hu<\/a><\/td>\n<td style=\"border-color: #1e73be; width: 29.7784%; height: 35px;\"><\/td>\n<\/tr>\n<tr style=\"height: 35px;\">\n<td style=\"border-color: #1e73be; width: 27.8992%; height: 35px;\"><span style=\"font-size: 10pt; color: #000000; font-family: arial, helvetica, sans-serif;\">Magyar Istv\u00e1n\u00a0<\/span><\/td>\n<td style=\"border-color: #1e73be; width: 17.479%; height: 35px;\"><span style=\"font-size: 10pt; color: #000000; font-family: arial, helvetica, sans-serif;\">tervez\u0151\u00a0\u00a0<\/span><\/td>\n<td style=\"border-color: #1e73be; width: 27.7311%; height: 35px;\"><span style=\"font-size: 10pt; color: #000000; font-family: arial, helvetica, sans-serif;\"><a href=\"mailto:magyari@bilogik.hu\">magyari@bilogik.hu\u00a0<\/a><\/span><\/td>\n<td style=\"border-color: #1e73be; width: 29.7784%; height: 35px;\"><span style=\"font-size: 10pt; color: #000000; font-family: arial, helvetica, sans-serif;\">K\u00c9-VV\/01-7538<\/span><\/td>\n<\/tr>\n<tr style=\"height: 35px;\">\n<td style=\"border-color: #1e73be; width: 27.8992%; height: 35px;\"><span style=\"font-size: 10pt; color: #000000; font-family: arial, helvetica, sans-serif;\">Szaplonczai Fanni Eszter\u00a0<\/span><\/td>\n<td style=\"border-color: #1e73be; width: 17.479%; height: 35px;\"><span style=\"font-size: 10pt; color: #000000; font-family: arial, helvetica, sans-serif;\">tervez\u0151\u00a0\u00a0<\/span><\/td>\n<td style=\"border-color: #1e73be; width: 27.7311%; height: 35px;\"><span style=\"font-size: 10pt; color: #000000; font-family: arial, helvetica, sans-serif;\"><a href=\"mailto:szaplonczaif@bilogik.hu\">szaplonczaif@bilogik.hu<\/a><\/span><\/td>\n<td style=\"border-color: #1e73be; width: 29.7784%; height: 35px;\"><span style=\"font-size: 10pt; color: #000000; font-family: arial, helvetica, sans-serif;\"> K\u00c9-VV\/13-17978<\/span><\/td>\n<\/tr>\n<tr style=\"height: 35px;\">\n<td style=\"border-color: #1e73be; width: 27.8992%; height: 35px;\"><span style=\"font-size: 10pt; color: #000000; font-family: arial, helvetica, sans-serif;\">Fekete Tibor\u00a0<\/span><\/td>\n<td style=\"border-color: #1e73be; width: 17.479%; height: 35px;\"><span style=\"font-size: 10pt; color: #000000; font-family: arial, helvetica, sans-serif;\">tervez\u0151\u00a0\u00a0<\/span><\/td>\n<td style=\"border-color: #1e73be; width: 27.7311%; height: 35px;\"><span style=\"font-size: 10pt; color: #000000; font-family: arial, helvetica, sans-serif;\"><a href=\"mailto:feketet@bilogik.hu\">feketet@bilogik.hu<\/a>\u00a0<\/span><\/td>\n<td style=\"border-color: #1e73be; width: 29.7784%; height: 35px;\"><span style=\"font-size: 10pt; color: #000000; font-family: arial, helvetica, sans-serif;\">K\u00c9-VV\/01-16746<\/span><\/td>\n<\/tr>\n<tr style=\"height: 35px;\">\n<td style=\"border-color: #1e73be; width: 27.8992%; height: 35px;\"><span style=\"font-size: 10pt; color: #000000; font-family: arial, helvetica, sans-serif;\">Opperheim G\u00e1bor\u00a0<\/span><\/td>\n<td style=\"border-color: #1e73be; width: 17.479%; height: 35px;\"><span style=\"font-size: 10pt; color: #000000; font-family: arial, helvetica, sans-serif;\">tervez\u0151\u00a0\u00a0<\/span><\/td>\n<td style=\"border-color: #1e73be; width: 27.7311%; height: 35px;\"><span style=\"font-size: 10pt; color: #000000; font-family: arial, helvetica, sans-serif;\"><a href=\"mailto:opperheimg@bilogik.hu\">opperheimg@bilogik.hu<\/a>\u00a0\u00a0<\/span><\/td>\n<td style=\"border-color: #1e73be; width: 29.7784%; height: 35px;\"><span style=\"font-size: 10pt; color: #000000; font-family: arial, helvetica, sans-serif;\">K\u00c9-VV\/01-16180<\/span><\/td>\n<\/tr>\n<tr style=\"height: 35px;\">\n<td style=\"border-color: #1e73be; width: 27.8992%; height: 35px;\"><span style=\"font-size: 10pt; color: #000000; font-family: arial, helvetica, sans-serif;\">ifj. Garaguly Zolt\u00e1n<\/span><\/td>\n<td style=\"border-color: #1e73be; width: 17.479%; height: 35px;\"><span style=\"color: #000000; font-family: arial, helvetica, sans-serif;\"><span style=\"font-size: 13.3333px;\">tervez\u0151<\/span><\/span><\/td>\n<td style=\"border-color: #1e73be; width: 27.7311%; height: 35px;\"><span style=\"font-family: arial, helvetica, sans-serif; font-size: 10pt;\"><a href=\"mailto:garagulyzoltan@bilogik.hu\">garagulyzoltan@bilogik.hu\u00a0<\/a><\/span><\/td>\n<td style=\"border-color: #1e73be; width: 29.7784%; height: 35px;\"><\/td>\n<\/tr>\n<tr style=\"height: 35px;\">\n<td style=\"border-color: #1e73be; width: 27.8992%; height: 35px;\"><span style=\"font-size: 10pt; color: #000000; font-family: arial, helvetica, sans-serif;\">Bern\u00e1th Zsolt \u00a0<\/span><\/td>\n<td style=\"border-color: #1e73be; width: 17.479%; height: 35px;\"><span style=\"font-size: 10pt; color: #000000; font-family: arial, helvetica, sans-serif;\">rendszerm\u00e9rn\u00f6k\u00a0<\/span><\/td>\n<td style=\"border-color: #1e73be; width: 27.7311%; height: 35px;\"><span style=\"font-size: 10pt; color: #000000; font-family: arial, helvetica, sans-serif;\"><a href=\"mailto:bernathzso@bilogik.hu\">bernathzso@bilogik.hu\u00a0<\/a><\/span><\/td>\n<td style=\"border-color: #1e73be; width: 29.7784%; height: 35px;\"><span style=\"font-size: 10pt; color: #000000; font-family: arial, helvetica, sans-serif;\">\u00a0<\/span><\/td>\n<\/tr>\n<tr style=\"height: 35px;\">\n<td style=\"border-color: #1e73be; width: 27.8992%; height: 35px;\"><span style=\"font-size: 10pt; color: #000000; font-family: arial, helvetica, sans-serif;\">Varg\u00e1n\u00e9 Szab\u00f3 Andrea\u00a0<\/span><\/td>\n<td style=\"border-color: #1e73be; width: 17.479%; height: 35px;\"><span style=\"font-size: 10pt; color: #000000; font-family: arial, helvetica, sans-serif;\">szerkeszt\u0151\u00a0\u00a0<\/span><\/td>\n<td style=\"border-color: #1e73be; width: 27.7311%; height: 35px;\"><span style=\"font-size: 10pt; color: #000000; font-family: arial, helvetica, sans-serif;\"><a href=\"mailto:varganeszaboa@bilogik.hu\">varganeszaboa@bilogik.hu<\/a><\/span><\/td>\n<td style=\"border-color: #1e73be; width: 29.7784%; height: 35px;\"><\/td>\n<\/tr>\n<tr style=\"height: 35px;\">\n<td style=\"border-color: #1e73be; width: 27.8992%; height: 35px;\"><span style=\"font-size: 10pt; color: #000000; font-family: arial, helvetica, sans-serif;\">Saska Marianna\u00a0<\/span><\/td>\n<td style=\"border-color: #1e73be; width: 17.479%; height: 35px;\"><span style=\"font-size: 10pt; color: #000000; font-family: arial, helvetica, sans-serif;\">szerkeszt\u0151\u00a0\u00a0<\/span><\/td>\n<td style=\"border-color: #1e73be; width: 27.7311%; height: 35px;\"><span style=\"font-size: 10pt; color: #000000; font-family: arial, helvetica, sans-serif;\"><a href=\"mailto:saskam@bilogik.hu\">saskam@bilogik.hu<\/a><\/span><\/td>\n<td style=\"border-color: #1e73be; width: 29.7784%; height: 35px;\"><\/td>\n<\/tr>\n<\/tbody>\n<\/table>\n","protected":false},"excerpt":{"rendered":"<p>N\u00e9v Munkak\u00f6r Email MMK Garaguly Zolt\u00e1n \u00fcgyvezet\u0151 garagulyz@bilogik.hu K\u00c9-VV\/13-7536 SZ\u00c9M1\/13-7536 Dobrik Norbert \u00fcgyvezet\u0151\u00a0 dobrikn@bilogik.hu\u00a0 K\u00c9-VV\/13-14547 SZ\u00c9M1\/13-14547 Sz\u00e9kely B\u00e9la tervez\u0151 szekelyb@bilogik.hu K\u00c9-VV\/13-7541 Tarl\u00f3s Andr\u00e1s \u00a0 tervez\u0151\u00a0 tarlosa@bilogik.hu K\u00c9-VV\/01-12895 Kiss Ildik\u00f3\u00a0 irodavezet\u0151 kissi@bilogik.hu Magyar Istv\u00e1n\u00a0 tervez\u0151\u00a0\u00a0 magyari@bilogik.hu\u00a0 K\u00c9-VV\/01-7538 Szaplonczai Fanni Eszter\u00a0 tervez\u0151\u00a0\u00a0 szaplonczaif@bilogik.hu K\u00c9-VV\/13-17978 Fekete Tibor\u00a0 tervez\u0151\u00a0\u00a0 feketet@bilogik.hu\u00a0 K\u00c9-VV\/01-16746 Opperheim G\u00e1bor\u00a0 tervez\u0151\u00a0\u00a0 opperheimg@bilogik.hu\u00a0\u00a0 K\u00c9-VV\/01-16180 ifj. Garaguly Zolt\u00e1n tervez\u0151 garagulyzoltan@bilogik.hu\u00a0 Bern\u00e1th Zsolt \u00a0 rendszerm\u00e9rn\u00f6k\u00a0 bernathzso@bilogik.hu\u00a0 \u00a0 Varg\u00e1n\u00e9 Szab\u00f3 Andrea\u00a0 szerkeszt\u0151\u00a0\u00a0 varganeszaboa@bilogik.hu Saska Marianna\u00a0 szerkeszt\u0151\u00a0\u00a0 saskam@bilogik.hu<\/p>\n","protected":false},"author":1,"featured_media":0,"parent":0,"menu_order":0,"comment_status":"closed","ping_status":"closed","template":"","meta":{"footnotes":""},"_links":{"self":[{"href":"https:\/\/bilogik.hu\/index.php\/wp-json\/wp\/v2\/pages\/105"}],"collection":[{"href":"https:\/\/bilogik.hu\/index.php\/wp-json\/wp\/v2\/pages"}],"about":[{"href":"https:\/\/bilogik.hu\/index.php\/wp-json\/wp\/v2\/types\/page"}],"author":[{"embeddable":true,"href":"https:\/\/bilogik.hu\/index.php\/wp-json\/wp\/v2\/users\/1"}],"replies":[{"embeddable":true,"href":"https:\/\/bilogik.hu\/index.php\/wp-json\/wp\/v2\/comments?post=105"}],"version-history":[{"count":45,"href":"https:\/\/bilogik.hu\/index.php\/wp-json\/wp\/v2\/pages\/105\/revisions"}],"predecessor-version":[{"id":532,"href":"https:\/\/bilogik.hu\/index.php\/wp-json\/wp\/v2\/pages\/105\/revisions\/532"}],"wp:attachment":[{"href":"https:\/\/bilogik.hu\/index.php\/wp-json\/wp\/v2\/media?parent=105"}],"curies":[{"name":"wp","href":"https:\/\/api.w.org\/{rel}","templated":true}]}}