{"id":115,"date":"2017-09-24T10:08:11","date_gmt":"2017-09-24T10:08:11","guid":{"rendered":"http:\/\/bilogik.hu\/?page_id=115"},"modified":"2023-03-08T12:44:22","modified_gmt":"2023-03-08T12:44:22","slug":"partnerek","status":"publish","type":"page","link":"https:\/\/bilogik.hu\/index.php\/partnerek\/","title":{"rendered":"PARTNEREK"},"content":{"rendered":"<p><span style=\"font-family: arial, helvetica, sans-serif; font-size: 12pt;\">A tev\u00e9kenys\u00e9gi k\u00f6r\u00fcnkb\u0151l ered\u0151en f\u0151bb megrendel\u0151ink a M\u00c1V, illetve a M\u00c1V infrastruktur\u00e1lis fejleszt\u00e9s\u00e9ben r\u00e9sztvev\u0151 nagyv\u00e1llalatok.<\/span><\/p>\n<table style=\"width: 727px; height: 212px;\">\n<tbody>\n<tr>\n<td style=\"width: 156.2px;\">\u00a0\u00a0\u00a0\u00a0\u00a0 <img decoding=\"async\" loading=\"lazy\" class=\"alignnone size-medium wp-image-240\" src=\"https:\/\/bilogik.hu\/wp-content\/uploads\/2017\/09\/nif.png\" alt=\"\" width=\"279\" height=\"48\" \/><\/td>\n<td style=\"width: 156.19px;\">\u00a0<img decoding=\"async\" loading=\"lazy\" class=\"alignnone size-medium wp-image-238\" src=\"https:\/\/bilogik.hu\/wp-content\/uploads\/2017\/09\/gysev.png\" alt=\"\" width=\"48\" height=\"48\" \/><\/td>\n<td style=\"width: 156.19px;\">\u00a0<img decoding=\"async\" loading=\"lazy\" class=\"alignnone size-medium wp-image-236\" src=\"https:\/\/bilogik.hu\/wp-content\/uploads\/2017\/09\/bkv.png\" alt=\"\" width=\"127\" height=\"48\" \/><\/td>\n<td style=\"width: 230.42px;\">\u00a0<img decoding=\"async\" loading=\"lazy\" class=\"alignnone size-medium wp-image-239\" src=\"https:\/\/bilogik.hu\/wp-content\/uploads\/2017\/09\/mav.png\" alt=\"\" width=\"185\" height=\"48\" \/><\/td>\n<\/tr>\n<tr>\n<td style=\"width: 156.2px;\">\u00a0<img decoding=\"async\" loading=\"lazy\" class=\"alignnone size-medium wp-image-245\" src=\"https:\/\/bilogik.hu\/wp-content\/uploads\/2017\/09\/siemens.png\" alt=\"\" width=\"250\" height=\"48\" \/><\/td>\n<td style=\"width: 156.19px;\">\u00a0<img decoding=\"async\" loading=\"lazy\" class=\"alignnone size-medium wp-image-244\" src=\"https:\/\/bilogik.hu\/wp-content\/uploads\/2017\/09\/r-kord.png\" alt=\"\" width=\"61\" height=\"48\" \/><\/td>\n<td style=\"width: 156.19px;\">\u00a0<img decoding=\"async\" loading=\"lazy\" class=\"alignnone size-medium wp-image-246\" src=\"https:\/\/bilogik.hu\/wp-content\/uploads\/2017\/09\/specialterv.png\" alt=\"\" width=\"148\" height=\"48\" \/><\/td>\n<td style=\"width: 230.42px;\">\u00a0<img decoding=\"async\" loading=\"lazy\" class=\"alignnone size-medium wp-image-252\" src=\"https:\/\/bilogik.hu\/wp-content\/uploads\/2017\/09\/unitef.png\" alt=\"\" width=\"169\" height=\"48\" \/><\/td>\n<\/tr>\n<tr>\n<td style=\"width: 156.2px;\">\u00a0<img decoding=\"async\" loading=\"lazy\" class=\"alignnone size-medium wp-image-250\" src=\"https:\/\/bilogik.hu\/wp-content\/uploads\/2017\/09\/thales.png\" alt=\"\" width=\"249\" height=\"48\" \/><\/td>\n<td style=\"width: 156.19px;\">\u00a0<img decoding=\"async\" loading=\"lazy\" class=\"alignnone size-medium wp-image-247\" src=\"https:\/\/bilogik.hu\/wp-content\/uploads\/2017\/09\/swietelsky.png\" alt=\"\" width=\"57\" height=\"48\" \/><\/td>\n<td style=\"width: 156.19px;\">\u00a0<img decoding=\"async\" loading=\"lazy\" class=\"alignnone size-medium wp-image-251\" src=\"https:\/\/bilogik.hu\/wp-content\/uploads\/2017\/09\/trenecon.png\" alt=\"\" width=\"127\" height=\"48\" \/><\/td>\n<td style=\"width: 230.42px;\">\u00a0<img decoding=\"async\" loading=\"lazy\" class=\"alignnone size-full wp-image-269\" src=\"https:\/\/bilogik.hu\/wp-content\/uploads\/2017\/09\/morsecom.png\" alt=\"\" width=\"138\" height=\"48\" \/><\/td>\n<\/tr>\n<tr>\n<td style=\"width: 156.2px;\">\u00a0<img decoding=\"async\" loading=\"lazy\" class=\"alignnone size-medium wp-image-237\" src=\"https:\/\/bilogik.hu\/wp-content\/uploads\/2017\/09\/fomterv.png\" alt=\"\" width=\"225\" height=\"48\" \/><\/td>\n<td style=\"width: 156.19px;\">\u00a0<img decoding=\"async\" loading=\"lazy\" class=\"alignnone size-medium wp-image-249\" src=\"https:\/\/bilogik.hu\/wp-content\/uploads\/2017\/09\/terminirail.png\" alt=\"\" width=\"72\" height=\"48\" \/><\/td>\n<td style=\"width: 156.19px;\">\u00a0<img decoding=\"async\" loading=\"lazy\" class=\"alignnone wp-image-458 size-full\" src=\"https:\/\/bilogik.hu\/wp-content\/uploads\/2017\/09\/rmi.png\" alt=\"\" width=\"388\" height=\"165\" srcset=\"https:\/\/bilogik.hu\/wp-content\/uploads\/2017\/09\/rmi.png 388w, https:\/\/bilogik.hu\/wp-content\/uploads\/2017\/09\/rmi-300x128.png 300w\" sizes=\"(max-width: 388px) 100vw, 388px\" \/><\/td>\n<td style=\"width: 230.42px;\">\u00a0<img decoding=\"async\" loading=\"lazy\" class=\"alignnone size-medium wp-image-241\" src=\"https:\/\/bilogik.hu\/wp-content\/uploads\/2017\/09\/promontellogo.png\" alt=\"\" width=\"83\" height=\"48\" \/><\/td>\n<\/tr>\n<tr>\n<td style=\"width: 156.2px;\">\u00a0<img decoding=\"async\" loading=\"lazy\" class=\"alignnone size-full wp-image-235\" src=\"https:\/\/bilogik.hu\/wp-content\/uploads\/2017\/09\/axon6m.png\" alt=\"\" width=\"203\" height=\"48\" \/><\/td>\n<td style=\"width: 156.19px;\">\u00a0<img decoding=\"async\" loading=\"lazy\" class=\"alignnone size-full wp-image-390\" src=\"https:\/\/bilogik.hu\/wp-content\/uploads\/2020\/05\/utiber.jpg\" alt=\"\" width=\"205\" height=\"55\" \/><\/td>\n<td style=\"width: 156.19px;\">\u00a0<img decoding=\"async\" loading=\"lazy\" class=\"alignnone size-medium wp-image-248\" src=\"https:\/\/bilogik.hu\/wp-content\/uploads\/2017\/09\/tbesz.png\" alt=\"\" width=\"113\" height=\"48\" \/><\/td>\n<td style=\"width: 230.42px;\">\u00a0<img decoding=\"async\" loading=\"lazy\" class=\"alignnone size-medium wp-image-255\" src=\"https:\/\/bilogik.hu\/wp-content\/uploads\/2017\/09\/uvaterv.png\" alt=\"\" width=\"84\" height=\"48\" \/><\/td>\n<\/tr>\n<tr>\n<td style=\"width: 156.2px;\">\u00a0<img decoding=\"async\" loading=\"lazy\" class=\"alignnone size-medium wp-image-287\" src=\"https:\/\/bilogik.hu\/wp-content\/uploads\/2017\/09\/infraplan-300x177.jpg\" alt=\"\" width=\"300\" height=\"177\" \/><\/td>\n<td style=\"width: 156.19px;\">\u00a0<img decoding=\"async\" loading=\"lazy\" class=\"alignnone size-medium wp-image-242\" src=\"https:\/\/bilogik.hu\/wp-content\/uploads\/2017\/09\/railsafe.png\" alt=\"\" width=\"86\" height=\"48\" \/><\/td>\n<td style=\"width: 156.19px;\">\u00a0<img decoding=\"async\" loading=\"lazy\" class=\"alignnone size-medium wp-image-254\" src=\"https:\/\/bilogik.hu\/wp-content\/uploads\/2017\/09\/ut-teszt.png\" alt=\"\" width=\"97\" height=\"48\" \/><\/td>\n<td style=\"width: 230.42px;\">\u00a0<img decoding=\"async\" loading=\"lazy\" class=\"alignnone wp-image-284\" src=\"https:\/\/bilogik.hu\/wp-content\/uploads\/2017\/09\/roden.png\" alt=\"\" width=\"176\" height=\"83\" \/><\/td>\n<\/tr>\n<tr>\n<td style=\"width: 156.2px;\"><img decoding=\"async\" loading=\"lazy\" class=\"alignnone wp-image-382\" src=\"https:\/\/bilogik.hu\/wp-content\/uploads\/2020\/05\/consilium-1024x359.jpg\" alt=\"\" width=\"212\" height=\"74\" srcset=\"https:\/\/bilogik.hu\/wp-content\/uploads\/2020\/05\/consilium-1024x359.jpg 1024w, https:\/\/bilogik.hu\/wp-content\/uploads\/2020\/05\/consilium-300x105.jpg 300w, https:\/\/bilogik.hu\/wp-content\/uploads\/2020\/05\/consilium-768x269.jpg 768w\" sizes=\"(max-width: 212px) 100vw, 212px\" \/><\/td>\n<td style=\"width: 156.2px;\"><img decoding=\"async\" loading=\"lazy\" class=\"alignnone wp-image-391\" src=\"https:\/\/bilogik.hu\/wp-content\/uploads\/2020\/05\/vhid-944x1024.jpg\" alt=\"\" width=\"88\" height=\"92\" \/><\/td>\n<td style=\"width: 156.19px;\"><img decoding=\"async\" loading=\"lazy\" class=\"alignnone size-large wp-image-388\" src=\"https:\/\/bilogik.hu\/wp-content\/uploads\/2020\/05\/strabag-1024x422.jpg\" alt=\"\" width=\"640\" height=\"264\" srcset=\"https:\/\/bilogik.hu\/wp-content\/uploads\/2020\/05\/strabag-1024x422.jpg 1024w, https:\/\/bilogik.hu\/wp-content\/uploads\/2020\/05\/strabag-300x124.jpg 300w, https:\/\/bilogik.hu\/wp-content\/uploads\/2020\/05\/strabag-768x316.jpg 768w\" sizes=\"(max-width: 640px) 100vw, 640px\" \/><\/td>\n<td style=\"width: 230.42px;\"><img decoding=\"async\" loading=\"lazy\" class=\"alignnone size-full wp-image-387\" src=\"https:\/\/bilogik.hu\/wp-content\/uploads\/2020\/05\/prolan.jpg\" alt=\"\" width=\"339\" height=\"100\" srcset=\"https:\/\/bilogik.hu\/wp-content\/uploads\/2020\/05\/prolan.jpg 339w, https:\/\/bilogik.hu\/wp-content\/uploads\/2020\/05\/prolan-300x88.jpg 300w\" sizes=\"(max-width: 339px) 100vw, 339px\" \/><\/td>\n<\/tr>\n<tr>\n<td style=\"width: 156.2px;\"><img decoding=\"async\" loading=\"lazy\" class=\"alignnone size-full wp-image-386\" src=\"https:\/\/bilogik.hu\/wp-content\/uploads\/2020\/05\/m\u00fcszerautomatika.jpg\" alt=\"\" width=\"349\" height=\"70\" srcset=\"https:\/\/bilogik.hu\/wp-content\/uploads\/2020\/05\/m\u00fcszerautomatika.jpg 349w, https:\/\/bilogik.hu\/wp-content\/uploads\/2020\/05\/m\u00fcszerautomatika-300x60.jpg 300w\" sizes=\"(max-width: 349px) 100vw, 349px\" \/><\/td>\n<td style=\"width: 156.2px;\"><img decoding=\"async\" loading=\"lazy\" class=\"alignnone size-full wp-image-383\" src=\"https:\/\/bilogik.hu\/wp-content\/uploads\/2020\/05\/crystal91.jpg\" alt=\"\" width=\"244\" height=\"175\" srcset=\"https:\/\/bilogik.hu\/wp-content\/uploads\/2020\/05\/crystal91.jpg 244w, https:\/\/bilogik.hu\/wp-content\/uploads\/2020\/05\/crystal91-240x172.jpg 240w\" sizes=\"(max-width: 244px) 100vw, 244px\" \/><\/td>\n<td style=\"width: 156.19px;\"><img decoding=\"async\" loading=\"lazy\" class=\"alignnone size-full wp-image-384\" src=\"https:\/\/bilogik.hu\/wp-content\/uploads\/2020\/05\/f\u0151berzrt.jpg\" alt=\"\" width=\"155\" height=\"58\" \/><\/td>\n<td style=\"width: 230.42px;\"><img decoding=\"async\" loading=\"lazy\" class=\"alignnone size-large wp-image-489\" src=\"https:\/\/bilogik.hu\/wp-content\/uploads\/2023\/03\/kont\u00far-1024x186.jpg\" alt=\"\" width=\"640\" height=\"116\" srcset=\"https:\/\/bilogik.hu\/wp-content\/uploads\/2023\/03\/kont\u00far-1024x186.jpg 1024w, https:\/\/bilogik.hu\/wp-content\/uploads\/2023\/03\/kont\u00far-300x55.jpg 300w, https:\/\/bilogik.hu\/wp-content\/uploads\/2023\/03\/kont\u00far-768x140.jpg 768w, https:\/\/bilogik.hu\/wp-content\/uploads\/2023\/03\/kont\u00far.jpg 1183w\" sizes=\"(max-width: 640px) 100vw, 640px\" \/><\/td>\n<\/tr>\n<tr>\n<td style=\"width: 156.2px;\" colspan=\"2\">\u00a0<img decoding=\"async\" loading=\"lazy\" class=\"alignnone wp-image-280\" src=\"https:\/\/bilogik.hu\/wp-content\/uploads\/2017\/09\/lter-300x40.png\" alt=\"\" width=\"305\" height=\"41\" srcset=\"https:\/\/bilogik.hu\/wp-content\/uploads\/2017\/09\/lter-300x40.png 300w, https:\/\/bilogik.hu\/wp-content\/uploads\/2017\/09\/lter.png 498w\" sizes=\"(max-width: 305px) 100vw, 305px\" \/><\/td>\n<td style=\"width: 156.19px;\">\u00a0<img decoding=\"async\" loading=\"lazy\" class=\"alignnone size-large wp-image-409\" src=\"https:\/\/bilogik.hu\/wp-content\/uploads\/2021\/08\/RailCom_LOGO_vertikalis1-1024x955.png\" alt=\"\" width=\"640\" height=\"597\" srcset=\"https:\/\/bilogik.hu\/wp-content\/uploads\/2021\/08\/RailCom_LOGO_vertikalis1-1024x955.png 1024w, https:\/\/bilogik.hu\/wp-content\/uploads\/2021\/08\/RailCom_LOGO_vertikalis1-300x280.png 300w, https:\/\/bilogik.hu\/wp-content\/uploads\/2021\/08\/RailCom_LOGO_vertikalis1-768x716.png 768w, https:\/\/bilogik.hu\/wp-content\/uploads\/2021\/08\/RailCom_LOGO_vertikalis1.png 1102w\" sizes=\"(max-width: 640px) 100vw, 640px\" \/><\/td>\n<td style=\"width: 230.42px;\">\u00a0<img decoding=\"async\" loading=\"lazy\" class=\"alignnone wp-image-393\" src=\"https:\/\/bilogik.hu\/wp-content\/uploads\/2020\/05\/pq.png\" alt=\"\" width=\"188\" height=\"65\" \/><\/td>\n<\/tr>\n<\/tbody>\n<\/table>\n<p>&nbsp;<\/p>\n","protected":false},"excerpt":{"rendered":"<p>A tev\u00e9kenys\u00e9gi k\u00f6r\u00fcnkb\u0151l ered\u0151en f\u0151bb megrendel\u0151ink a M\u00c1V, illetve a M\u00c1V infrastruktur\u00e1lis fejleszt\u00e9s\u00e9ben r\u00e9sztvev\u0151 nagyv\u00e1llalatok. \u00a0\u00a0\u00a0\u00a0\u00a0 \u00a0 \u00a0 \u00a0 \u00a0 \u00a0 \u00a0 \u00a0 \u00a0 \u00a0 \u00a0 \u00a0 \u00a0 \u00a0 \u00a0 \u00a0 \u00a0 \u00a0 \u00a0 \u00a0 \u00a0 \u00a0 \u00a0 \u00a0 \u00a0 \u00a0 \u00a0 &nbsp;<\/p>\n","protected":false},"author":1,"featured_media":0,"parent":0,"menu_order":0,"comment_status":"closed","ping_status":"closed","template":"","meta":{"footnotes":""},"_links":{"self":[{"href":"https:\/\/bilogik.hu\/index.php\/wp-json\/wp\/v2\/pages\/115"}],"collection":[{"href":"https:\/\/bilogik.hu\/index.php\/wp-json\/wp\/v2\/pages"}],"about":[{"href":"https:\/\/bilogik.hu\/index.php\/wp-json\/wp\/v2\/types\/page"}],"author":[{"embeddable":true,"href":"https:\/\/bilogik.hu\/index.php\/wp-json\/wp\/v2\/users\/1"}],"replies":[{"embeddable":true,"href":"https:\/\/bilogik.hu\/index.php\/wp-json\/wp\/v2\/comments?post=115"}],"version-history":[{"count":25,"href":"https:\/\/bilogik.hu\/index.php\/wp-json\/wp\/v2\/pages\/115\/revisions"}],"predecessor-version":[{"id":490,"href":"https:\/\/bilogik.hu\/index.php\/wp-json\/wp\/v2\/pages\/115\/revisions\/490"}],"wp:attachment":[{"href":"https:\/\/bilogik.hu\/index.php\/wp-json\/wp\/v2\/media?parent=115"}],"curies":[{"name":"wp","href":"https:\/\/api.w.org\/{rel}","templated":true}]}}