{"id":136,"date":"2017-09-24T10:16:51","date_gmt":"2017-09-24T10:16:51","guid":{"rendered":"http:\/\/bilogik.hu\/?page_id=136"},"modified":"2024-04-30T12:28:22","modified_gmt":"2024-04-30T12:28:22","slug":"kapcsolat","status":"publish","type":"page","link":"https:\/\/bilogik.hu\/index.php\/kapcsolat\/","title":{"rendered":"KAPCSOLAT"},"content":{"rendered":"<p style=\"text-align: center;\"><span style=\"font-size: 12pt; color: #1e73be;\"><strong><span style=\"font-family: arial, helvetica, sans-serif;\">A Bi-Logik Kft. irod\u00e1j\u00e1nak\u00a0helye Budapest t\u00e9rk\u00e9p\u00e9n.<\/span><\/strong><\/span><\/p>\n<p style=\"text-align: center;\"><img decoding=\"async\" loading=\"lazy\" class=\"alignnone size-full wp-image-522\" src=\"https:\/\/bilogik.hu\/wp-content\/uploads\/2024\/04\/bilogik.png\" alt=\"\" width=\"1353\" height=\"685\" srcset=\"https:\/\/bilogik.hu\/wp-content\/uploads\/2024\/04\/bilogik.png 1353w, https:\/\/bilogik.hu\/wp-content\/uploads\/2024\/04\/bilogik-300x152.png 300w\" sizes=\"(max-width: 1353px) 100vw, 1353px\" \/><br \/>\n<span style=\"font-family: arial, helvetica, sans-serif;\"><small><a href=\"http:\/\/www.openstreetmap.org\/?mlat=47.53296&amp;mlon=19.08025#map=18\/47.53296\/19.08025&amp;layers=N\">Nagyobb t\u00e9rk\u00e9p<\/a><\/small><\/span><small><\/small><\/p>\n","protected":false},"excerpt":{"rendered":"<p>A Bi-Logik Kft. irod\u00e1j\u00e1nak\u00a0helye Budapest t\u00e9rk\u00e9p\u00e9n. Nagyobb t\u00e9rk\u00e9p<\/p>\n","protected":false},"author":1,"featured_media":0,"parent":0,"menu_order":0,"comment_status":"closed","ping_status":"closed","template":"","meta":{"footnotes":""},"_links":{"self":[{"href":"https:\/\/bilogik.hu\/index.php\/wp-json\/wp\/v2\/pages\/136"}],"collection":[{"href":"https:\/\/bilogik.hu\/index.php\/wp-json\/wp\/v2\/pages"}],"about":[{"href":"https:\/\/bilogik.hu\/index.php\/wp-json\/wp\/v2\/types\/page"}],"author":[{"embeddable":true,"href":"https:\/\/bilogik.hu\/index.php\/wp-json\/wp\/v2\/users\/1"}],"replies":[{"embeddable":true,"href":"https:\/\/bilogik.hu\/index.php\/wp-json\/wp\/v2\/comments?post=136"}],"version-history":[{"count":2,"href":"https:\/\/bilogik.hu\/index.php\/wp-json\/wp\/v2\/pages\/136\/revisions"}],"predecessor-version":[{"id":523,"href":"https:\/\/bilogik.hu\/index.php\/wp-json\/wp\/v2\/pages\/136\/revisions\/523"}],"wp:attachment":[{"href":"https:\/\/bilogik.hu\/index.php\/wp-json\/wp\/v2\/media?parent=136"}],"curies":[{"name":"wp","href":"https:\/\/api.w.org\/{rel}","templated":true}]}}