{"id":72,"date":"2017-09-24T09:13:55","date_gmt":"2017-09-24T09:13:55","guid":{"rendered":"http:\/\/bilogik.hu\/?page_id=72"},"modified":"2020-05-15T17:24:36","modified_gmt":"2020-05-15T17:24:36","slug":"fooldal","status":"publish","type":"page","link":"https:\/\/bilogik.hu\/","title":{"rendered":"F\u0150OLDAL"},"content":{"rendered":"<h1><span style=\"font-size: 18pt; font-family: arial, helvetica, sans-serif;\">\u00dcdv\u00f6z\u00f6lj\u00fck a Bi-Logik Kft.\u00a0weboldal\u00e1n!<\/span><\/h1>\n<p style=\"text-align: justify;\"><span style=\"font-size: 12pt;\"><span style=\"font-family: arial, helvetica, sans-serif;\">C\u00e9g\u00fcnk alapvet\u0151en vas\u00fati biztos\u00edt\u00f3berendez\u00e9sek tervez\u00e9s\u00e9vel foglalkozik.\u00a0<\/span><span style=\"font-family: arial, helvetica, sans-serif;\">Megalakul\u00e1sunk\u00a0(2002)\u00a0\u00f3ta sz\u00e1mos vas\u00fattervez\u00e9si projektben k\u00e9sz\u00edtett\u00fcnk enged\u00e9lyez\u00e9si, el\u0151-, tender-, f\u00e1zis-, kiviteli \u00e9s megval\u00f3sul\u00e1si terveket, legyen sz\u00f3 ak\u00e1r r\u00e9gi mechanikus vas\u00fati biztos\u00edt\u00f3berendez\u00e9sek \u00e1talak\u00edt\u00e1s\u00e1r\u00f3l, ak\u00e1r \u00faj elektronikus vas\u00fati berendez\u00e9sek tervez\u00e9s\u00e9r\u0151l.\u00a0<\/span><span style=\"font-family: arial, helvetica, sans-serif;\">Szakmai referenci\u00e1ink sora bizony\u00edtja, hogy tervez\u00e9si munk\u00e1ink a hagyom\u00e1nyos \u00e9s elektronikus vas\u00fati biztos\u00edt\u00f3berendez\u00e9sek tervez\u00e9s\u00e9t\u0151l vonali \u00e9s \u00e1llom\u00e1si k\u00e1belh\u00e1l\u00f3zatok tervez\u00e9s\u00e9t\u0151l, k\u00fcls\u0151- \u00e9s bels\u0151t\u00e9ri biztos\u00edt\u00f3berendez\u00e9si szerelv\u00e9nyek, \u00e1ramk\u00f6r\u00f6k tervez\u00e9s\u00e9ig tulajdonk\u00e9ppen e szakter\u00fclet teljes keresztmetszet\u00e9t \u00e1t\u00f6leli.\u00a0<\/span><span style=\"font-family: arial, helvetica, sans-serif;\">Amennyiben k\u00e9rd\u00e9sei lenn\u00e9nek sz\u00e1munkra, illetve tov\u00e1bbi inform\u00e1ci\u00f3ra lenne sz\u00fcks\u00e9ge, k\u00e9rem keresse c\u00e9g\u00fcnk munkat\u00e1rsait a &#8222;Munkat\u00e1rsaink&#8221;, illetve a &#8222;Kapcsolat&#8221; men\u00fcpont alatt tal\u00e1lhat\u00f3 el\u00e9rhet\u0151s\u00e9geken.<\/span><\/span><\/p>\n<p><span style=\"font-size: 12pt; font-family: arial, helvetica, sans-serif;\">J\u00f3 b\u00f6ng\u00e9sz\u00e9st k\u00edv\u00e1nunk!<\/span><\/p>\n<p><span style=\"font-size: 12pt;\"><span style=\"font-family: arial, helvetica, sans-serif;\">\u00dcdv\u00f6zlettel:<\/span><\/span><br \/>\n<span style=\"font-size: 12pt; font-family: arial, helvetica, sans-serif;\"> a <strong>Bi-Logik Kft.<\/strong> munkat\u00e1rsai<\/span><\/p>\n","protected":false},"excerpt":{"rendered":"<p>\u00dcdv\u00f6z\u00f6lj\u00fck a Bi-Logik Kft.\u00a0weboldal\u00e1n! C\u00e9g\u00fcnk alapvet\u0151en vas\u00fati biztos\u00edt\u00f3berendez\u00e9sek tervez\u00e9s\u00e9vel foglalkozik.\u00a0Megalakul\u00e1sunk\u00a0(2002)\u00a0\u00f3ta sz\u00e1mos vas\u00fattervez\u00e9si projektben k\u00e9sz\u00edtett\u00fcnk enged\u00e9lyez\u00e9si, el\u0151-, tender-, f\u00e1zis-, kiviteli \u00e9s megval\u00f3sul\u00e1si terveket, legyen sz\u00f3 ak\u00e1r r\u00e9gi mechanikus vas\u00fati biztos\u00edt\u00f3berendez\u00e9sek \u00e1talak\u00edt\u00e1s\u00e1r\u00f3l, ak\u00e1r \u00faj elektronikus vas\u00fati berendez\u00e9sek tervez\u00e9s\u00e9r\u0151l.\u00a0Szakmai referenci\u00e1ink sora bizony\u00edtja, hogy tervez\u00e9si munk\u00e1ink a hagyom\u00e1nyos \u00e9s elektronikus vas\u00fati biztos\u00edt\u00f3berendez\u00e9sek tervez\u00e9s\u00e9t\u0151l vonali \u00e9s \u00e1llom\u00e1si k\u00e1belh\u00e1l\u00f3zatok tervez\u00e9s\u00e9t\u0151l, k\u00fcls\u0151- \u00e9s bels\u0151t\u00e9ri biztos\u00edt\u00f3berendez\u00e9si szerelv\u00e9nyek, \u00e1ramk\u00f6r\u00f6k tervez\u00e9s\u00e9ig tulajdonk\u00e9ppen e szakter\u00fclet teljes keresztmetszet\u00e9t \u00e1t\u00f6leli.\u00a0Amennyiben k\u00e9rd\u00e9sei lenn\u00e9nek sz\u00e1munkra, illetve tov\u00e1bbi inform\u00e1ci\u00f3ra lenne sz\u00fcks\u00e9ge, k\u00e9rem keresse c\u00e9g\u00fcnk munkat\u00e1rsait a &#8222;Munkat\u00e1rsaink&#8221;, illetve a &#8222;Kapcsolat&#8221; men\u00fcpont alatt tal\u00e1lhat\u00f3 el\u00e9rhet\u0151s\u00e9geken. J\u00f3 b\u00f6ng\u00e9sz\u00e9st&hellip;<\/p>\n","protected":false},"author":1,"featured_media":0,"parent":0,"menu_order":0,"comment_status":"closed","ping_status":"closed","template":"","meta":{"footnotes":""},"_links":{"self":[{"href":"https:\/\/bilogik.hu\/index.php\/wp-json\/wp\/v2\/pages\/72"}],"collection":[{"href":"https:\/\/bilogik.hu\/index.php\/wp-json\/wp\/v2\/pages"}],"about":[{"href":"https:\/\/bilogik.hu\/index.php\/wp-json\/wp\/v2\/types\/page"}],"author":[{"embeddable":true,"href":"https:\/\/bilogik.hu\/index.php\/wp-json\/wp\/v2\/users\/1"}],"replies":[{"embeddable":true,"href":"https:\/\/bilogik.hu\/index.php\/wp-json\/wp\/v2\/comments?post=72"}],"version-history":[{"count":4,"href":"https:\/\/bilogik.hu\/index.php\/wp-json\/wp\/v2\/pages\/72\/revisions"}],"predecessor-version":[{"id":381,"href":"https:\/\/bilogik.hu\/index.php\/wp-json\/wp\/v2\/pages\/72\/revisions\/381"}],"wp:attachment":[{"href":"https:\/\/bilogik.hu\/index.php\/wp-json\/wp\/v2\/media?parent=72"}],"curies":[{"name":"wp","href":"https:\/\/api.w.org\/{rel}","templated":true}]}}