{"id":74,"date":"2017-09-24T09:16:28","date_gmt":"2017-09-24T09:16:28","guid":{"rendered":"http:\/\/bilogik.hu\/?page_id=74"},"modified":"2025-11-14T10:17:59","modified_gmt":"2025-11-14T10:17:59","slug":"magunkrol","status":"publish","type":"page","link":"https:\/\/bilogik.hu\/index.php\/magunkrol\/","title":{"rendered":"MAGUNKR\u00d3L"},"content":{"rendered":"<p style=\"text-align: justify;\"><span style=\"font-family: arial, helvetica, sans-serif; font-size: 12pt;\">A\u00a0<strong>BI-LOGIK Kft.<\/strong>\u00a02002. 05. 28.-\u00e1n alakult, \u00e9s 7 f\u0151vel kezdte el tev\u00e9kenys\u00e9g\u00e9t. A Kft. munkat\u00e1rsai kor\u00e1bban \u00e9vekig\u00a0egy\u00fctt dolgoztak a\u00a0<strong>M\u00c1V T\u00e1vk\u00f6zl\u00e9si \u00e9s Biztos\u00edt\u00f3berendez\u00e9si \u00c9p\u00edt\u0151 \u00e9s Szolg\u00e1ltat\u00f3 Kft.<\/strong>, illetve jogut\u00f3dj\u00e1n\u00e1l a\u00a0<strong>T\u00e1vk\u00f6zl\u00e9si \u00e9s Biztos\u00edt\u00f3berendez\u00e9si \u00c9p\u00edt\u0151 \u00e9s Szolg\u00e1ltat\u00f3 Kft.<\/strong> M\u0171szaki Oszt\u00e1ly\u00e1n. Ez a l\u00e9tsz\u00e1m jelenleg 13 f\u0151. F\u0151 tev\u00e9kenys\u00e9g\u00fcnk a vas\u00fati t\u00e1vk\u00f6zl\u0151-, \u00e9s biztos\u00edt\u00f3berendez\u00e9sek, illetve a hozz\u00e1juk kapcsol\u00f3d\u00f3 \u00e1ramell\u00e1t\u00f3 berendez\u00e9sek tervez\u00e9se. Tervez\u0151ink rendelkeznek a Magyar M\u00e9rn\u00f6ki Kamara \u00e1ltal kiadott min\u0151s\u00edtett tervez\u0151i jogosults\u00e1ggal, valamint tervez\u0151ink k\u00f6z\u00fcl k\u00e9t f\u0151 szak\u00e9rt\u0151i enged\u00e9llyel is rendelkezik.<\/span><\/p>\n<p style=\"text-align: justify;\"><span style=\"font-family: arial, helvetica, sans-serif; font-size: 12pt;\"><em>C\u00c9GADATOK:<\/em><\/span><\/p>\n<p style=\"text-align: justify;\"><span style=\"font-family: arial, helvetica, sans-serif; font-size: 12pt;\"><em><strong>C\u00e9g megnevez\u00e9se:<\/strong>\u00a0<\/em><\/span><span style=\"font-family: arial, helvetica, sans-serif; font-size: 12pt;\">Biztos\u00edt\u00f3berendez\u00e9si \u00e9s Logikai Rendszereket Tervez\u0151, Kivitelez\u0151 Kft.<\/span><br \/>\n<span style=\"font-family: arial, helvetica, sans-serif; font-size: 12pt;\"><strong> <em>C\u00e9gforma:\u00a0<\/em><\/strong>Korl\u00e1tolt Felel\u0151ss\u00e9g\u0171 T\u00e1rsas\u00e1g<\/span><br \/>\n<span style=\"font-family: arial, helvetica, sans-serif; font-size: 12pt;\"><strong> <em>C\u00e9gjegyz\u00e9ksz\u00e1m:<\/em><\/strong>\u00a013-09-091417<\/span><br \/>\n<span style=\"font-family: arial, helvetica, sans-serif; font-size: 12pt;\"><strong> <em>Ad\u00f3sz\u00e1m:<\/em><\/strong>\u00a012851913-2-13<\/span><\/p>\n","protected":false},"excerpt":{"rendered":"<p>A\u00a0BI-LOGIK Kft.\u00a02002. 05. 28.-\u00e1n alakult, \u00e9s 7 f\u0151vel kezdte el tev\u00e9kenys\u00e9g\u00e9t. A Kft. munkat\u00e1rsai kor\u00e1bban \u00e9vekig\u00a0egy\u00fctt dolgoztak a\u00a0M\u00c1V T\u00e1vk\u00f6zl\u00e9si \u00e9s Biztos\u00edt\u00f3berendez\u00e9si \u00c9p\u00edt\u0151 \u00e9s Szolg\u00e1ltat\u00f3 Kft., illetve jogut\u00f3dj\u00e1n\u00e1l a\u00a0T\u00e1vk\u00f6zl\u00e9si \u00e9s Biztos\u00edt\u00f3berendez\u00e9si \u00c9p\u00edt\u0151 \u00e9s Szolg\u00e1ltat\u00f3 Kft. M\u0171szaki Oszt\u00e1ly\u00e1n. Ez a l\u00e9tsz\u00e1m jelenleg 13 f\u0151. F\u0151 tev\u00e9kenys\u00e9g\u00fcnk a vas\u00fati t\u00e1vk\u00f6zl\u0151-, \u00e9s biztos\u00edt\u00f3berendez\u00e9sek, illetve a hozz\u00e1juk kapcsol\u00f3d\u00f3 \u00e1ramell\u00e1t\u00f3 berendez\u00e9sek tervez\u00e9se. Tervez\u0151ink rendelkeznek a Magyar M\u00e9rn\u00f6ki Kamara \u00e1ltal kiadott min\u0151s\u00edtett tervez\u0151i jogosults\u00e1ggal, valamint tervez\u0151ink k\u00f6z\u00fcl k\u00e9t f\u0151 szak\u00e9rt\u0151i enged\u00e9llyel is rendelkezik. C\u00c9GADATOK: C\u00e9g megnevez\u00e9se:\u00a0Biztos\u00edt\u00f3berendez\u00e9si \u00e9s Logikai Rendszereket Tervez\u0151, Kivitelez\u0151 Kft. C\u00e9gforma:\u00a0Korl\u00e1tolt Felel\u0151ss\u00e9g\u0171 T\u00e1rsas\u00e1g C\u00e9gjegyz\u00e9ksz\u00e1m:\u00a013-09-091417 Ad\u00f3sz\u00e1m:\u00a012851913-2-13<\/p>\n","protected":false},"author":1,"featured_media":0,"parent":0,"menu_order":0,"comment_status":"closed","ping_status":"closed","template":"","meta":{"footnotes":""},"_links":{"self":[{"href":"https:\/\/bilogik.hu\/index.php\/wp-json\/wp\/v2\/pages\/74"}],"collection":[{"href":"https:\/\/bilogik.hu\/index.php\/wp-json\/wp\/v2\/pages"}],"about":[{"href":"https:\/\/bilogik.hu\/index.php\/wp-json\/wp\/v2\/types\/page"}],"author":[{"embeddable":true,"href":"https:\/\/bilogik.hu\/index.php\/wp-json\/wp\/v2\/users\/1"}],"replies":[{"embeddable":true,"href":"https:\/\/bilogik.hu\/index.php\/wp-json\/wp\/v2\/comments?post=74"}],"version-history":[{"count":10,"href":"https:\/\/bilogik.hu\/index.php\/wp-json\/wp\/v2\/pages\/74\/revisions"}],"predecessor-version":[{"id":534,"href":"https:\/\/bilogik.hu\/index.php\/wp-json\/wp\/v2\/pages\/74\/revisions\/534"}],"wp:attachment":[{"href":"https:\/\/bilogik.hu\/index.php\/wp-json\/wp\/v2\/media?parent=74"}],"curies":[{"name":"wp","href":"https:\/\/api.w.org\/{rel}","templated":true}]}}