{"id":76,"date":"2017-09-24T09:17:37","date_gmt":"2017-09-24T09:17:37","guid":{"rendered":"http:\/\/bilogik.hu\/?page_id=76"},"modified":"2017-09-24T09:17:37","modified_gmt":"2017-09-24T09:17:37","slug":"referenciak","status":"publish","type":"page","link":"https:\/\/bilogik.hu\/index.php\/referenciak\/","title":{"rendered":"REFERENCI\u00c1K"},"content":{"rendered":"<p style=\"text-align: justify;\"><span style=\"font-family: arial, helvetica, sans-serif; font-size: 12pt;\">Kor\u00e1bbi munk\u00e1ink sor\u00e1n &#8211; mint a tervez\u0151ink saj\u00e1t referenci\u00e1i &#8211; r\u00e9szt vett\u00fcnk a <strong>M\u00c1V<\/strong>,<strong> ZSR, GySEV<\/strong>, <strong>BKV<\/strong>, legjelent\u0151sebb beruh\u00e1z\u00e1sainak t\u00e1vk\u00f6zl\u0151-, \u00e9s biztos\u00edt\u00f3berendez\u00e9si tervez\u00e9s\u00e9ben. A tervez\u00e9sen t\u00fal v\u00e1llaltuk a kivitelez\u00e9s m\u00e9rn\u00f6ki lebonyol\u00edt\u00e1s\u00e1nak feladat\u00e1t is.<\/span><\/p>\n<ul>\n<li style=\"text-align: justify;\"><span style=\"font-family: arial, helvetica, sans-serif; font-size: 12pt;\">Budapest \u2013 Hegyeshalom vas\u00fatvonal rehabilit\u00e1ci\u00f3ja sor\u00e1n az emelt sebess\u00e9g\u0171 k\u00f6zleked\u00e9s bevezet\u00e9s\u00e9hez kapcsol\u00f3d\u00f3an az \u00e1llom\u00e1si \u00e9s vonali biztos\u00edt\u00f3berendez\u00e9sek \u00e1talak\u00edt\u00e1sa, tervez\u00e9se.<\/span><\/li>\n<li style=\"text-align: justify;\"><span style=\"font-family: arial, helvetica, sans-serif; font-size: 12pt;\">Az emelt sebess\u00e9g\u0171 t\u00e9rk\u00f6z-, \u00e9s soromp\u00f3 berendez\u00e9sek alapkapcsol\u00e1s\u00e1nak kialak\u00edt\u00e1sa.<\/span><\/li>\n<li style=\"text-align: justify;\"><span style=\"font-family: arial, helvetica, sans-serif; font-size: 12pt;\">A tengelysz\u00e1ml\u00e1l\u00f3s soromp\u00f3 berendez\u00e9sek alapkapcsol\u00e1s\u00e1nak kialak\u00edt\u00e1sa.<\/span><\/li>\n<li style=\"text-align: justify;\"><span style=\"font-family: arial, helvetica, sans-serif; font-size: 12pt;\">A sz\u00e1m\u00edt\u00f3g\u00e9pes kezel\u0151i fel\u00fclet illeszt\u00e9se (ELPULT) a soproni, soroks\u00e1ri vonalon.<\/span><\/li>\n<li style=\"text-align: justify;\"><span style=\"font-family: arial, helvetica, sans-serif; font-size: 12pt;\">Az un. szovjet t\u00edpus\u00fa \u00e1llom\u00e1si biztos\u00edt\u00f3berendez\u00e9sek tervez\u00e9se, kieg\u00e9sz\u00edt\u00e9se a Debrecen- Ny\u00edregyh\u00e1za illetve az \u00d3buda-Esztergom vas\u00fatvonalon.<\/span><\/li>\n<li style=\"text-align: justify;\"><span style=\"font-family: arial, helvetica, sans-serif; font-size: 12pt;\">T\u00f6bb t\u00edz kis-, \u00e9s k\u00f6z\u00e9p\u00e1llom\u00e1si, valamint vonali biztos\u00edt\u00f3berendez\u00e9sek tervez\u00e9se az orsz\u00e1g ter\u00fclet\u00e9n (Ny\u00edregyh\u00e1za, Budapest-Nyugati pu., R\u00e1kospalota-\u00dajpest, P\u00e9cel, Csaj\u00e1g, Tata, Alm\u00e1sf\u00fcz\u00edt\u0151, Tisov\u00e1 stb.)<\/span><\/li>\n<li style=\"text-align: justify;\"><span style=\"font-family: arial, helvetica, sans-serif; font-size: 12pt;\">A BKV ter\u00fclet\u00e9n \u00e1llom\u00e1si \u00e9s soromp\u00f3 berendez\u00e9s tervez\u00e9se.<\/span><\/li>\n<li style=\"text-align: justify;\"><span style=\"font-family: arial, helvetica, sans-serif; font-size: 12pt;\">T\u00e1pi\u00f3szecs\u0151 \u00e1llom\u00e1s biztos\u00edt\u00f3berendez\u00e9s rehabilit\u00e1ci\u00f3j\u00e1nak kiviteli tervez\u00e9se.<\/span><\/li>\n<li style=\"text-align: justify;\"><span style=\"font-family: arial, helvetica, sans-serif; font-size: 12pt;\">Nagyk\u00e1ta \u00e1llom\u00e1s biztos\u00edt\u00f3berendez\u00e9s rehabilit\u00e1ci\u00f3j\u00e1nak kiviteli tervez\u00e9se.<\/span><\/li>\n<li style=\"text-align: justify;\"><span style=\"font-family: arial, helvetica, sans-serif; font-size: 12pt;\">Bor\u00e1ros t\u00e9r \u2013 Csepel H\u00c9V vonal ELEKTRONIKUS biztos\u00edt\u00f3berendez\u00e9s el\u0151-, \u00e9s kiviteli terveinek elk\u00e9sz\u00edt\u00e9s\u00e9ben, valamint kivitelez\u00e9s\u00e9nek m\u00e9rn\u00f6ki lebonyol\u00edt\u00e1s\u00e1ban.<\/span><\/li>\n<li style=\"text-align: justify;\"><span style=\"font-family: arial, helvetica, sans-serif; font-size: 12pt;\">Az egys\u00e9ges eur\u00f3pai vonatbefoly\u00e1sol\u00f3 rendszer tervez\u00e9se \u00e9s telep\u00edt\u00e9se a Budapest-Hegyeshalom vas\u00fatvonal teljes hossz\u00e1ban az ALCATEL Austria megb\u00edz\u00e1s\u00e1b\u00f3l<\/span><\/li>\n<li style=\"text-align: justify;\"><span style=\"font-family: arial, helvetica, sans-serif; font-size: 12pt;\">Az egys\u00e9ges eur\u00f3pai vonatbefoly\u00e1sol\u00f3 rendszer ETCS LEVEL1 \u00e9s LEVEL2 tervez\u00e9si elveinek kidolgoz\u00e1sa a M\u00c1V r\u00e9sz\u00e9re.<\/span><\/li>\n<li style=\"text-align: justify;\"><span style=\"font-family: arial, helvetica, sans-serif; font-size: 12pt;\">Boba \u2013 Orsz\u00e1ghat\u00e1r k\u00f6z\u00f6tti vonal\u00a0 &#8211; 12 \u00e1llom\u00e1s \u2013 ALCATEL\/THALES gy\u00e1rtm\u00e1ny\u00fa- ELEKTRONIKUS biztos\u00edt\u00f3berendez\u00e9seinek el\u0151-, \u00e9s kiviteli terveinek elk\u00e9sz\u00edt\u00e9se, valamint r\u00e9szv\u00e9tel a kivitelez\u00e9s\u00e9nek m\u00e9rn\u00f6ki lebonyol\u00edt\u00e1s\u00e1ban.<\/span><\/li>\n<li style=\"text-align: justify;\"><span style=\"font-family: arial, helvetica, sans-serif; font-size: 12pt;\">Cegl\u00e9d \u00e1llom\u00e1s \u2013 SIEMENS gy\u00e1rtm\u00e1ny\u00fa -ELEKTRONIKUS biztos\u00edt\u00f3berendez\u00e9s\u00e9nek el\u0151-, \u00e9s kiviteli terveinek elk\u00e9sz\u00edt\u00e9se.<\/span><\/li>\n<li style=\"text-align: justify;\"><span style=\"font-family: arial, helvetica, sans-serif; font-size: 12pt;\">Szajol, Mez\u0151t\u00far -K\u00e9tp\u00f3 \u00e1llom\u00e1sok \u2013 SIEMENS gy\u00e1rtm\u00e1ny\u00fa -ELEKTRONIKUS biztos\u00edt\u00f3berendez\u00e9s\u00e9nek el\u0151-, \u00e9s kiviteli terveinek elk\u00e9sz\u00edt\u00e9se.<\/span><\/li>\n<li style=\"text-align: justify;\"><span style=\"font-family: arial, helvetica, sans-serif; font-size: 12pt;\">Budapest \u2013 Sz\u00e9kesfeh\u00e9rv\u00e1r vonalszakasz ETCS-L2 enged\u00e9lyez\u00e9si \u00e9s tender terveinek elk\u00e9sz\u00edt\u00e9se.<\/span><\/li>\n<li style=\"text-align: justify;\"><span style=\"font-family: arial, helvetica, sans-serif; font-size: 12pt;\">Budapest \u2013 Pusztaszabolcs vonalszakasz ETCS-L2 enged\u00e9lyez\u00e9si \u00e9s tender terveinek elk\u00e9sz\u00edt\u00e9se.<\/span><\/li>\n<li style=\"text-align: justify;\"><span style=\"font-family: arial, helvetica, sans-serif; font-size: 12pt;\">Sopron \u2013 Szombathely vas\u00fatvonal elektronikus biztos\u00edt\u00f3berendez\u00e9seinek rekonstrukci\u00f3s munk\u00e1inak tervez\u00e9se, valamint a Szombathely \u2013 Szentgotth\u00e1rd vonal \u00e1t\u00e9p\u00edt\u00e9s\u00e9nek biztos\u00edt\u00f3berendez\u00e9si tervez\u00e9se.<\/span><\/li>\n<li style=\"text-align: justify;\"><span style=\"font-family: arial, helvetica, sans-serif; font-size: 12pt;\">Mez\u0151t\u00far Gyoma vas\u00fatvonal p\u00e1lya\u00e9p\u00edt\u00e9s sor\u00e1n a hagyom\u00e1nyos biztos\u00edt\u00f3berendez\u00e9siek \u00e1talak\u00edt\u00e1s\u00e1nak tervez\u00e9se, koordin\u00e1l\u00e1sa.<\/span><\/li>\n<li style=\"text-align: justify;\"><span style=\"font-family: arial, helvetica, sans-serif; font-size: 12pt;\">Hatvan(bez) &#8211; Ludas(bez) vonalszakasz, valamint Miskolc-Tiszai pu.\u00a0 megval\u00f3s\u00edthat\u00f3s\u00e1gi tanulm\u00e1ny\u00e1nak \u00e9s enged\u00e9lyez\u00e9si terveinek elk\u00e9sz\u00edt\u00e9se.<\/span><\/li>\n<li style=\"text-align: justify;\"><span style=\"font-family: arial, helvetica, sans-serif; font-size: 12pt;\">T\u00e1rnok &#8211; Sz\u00e9kesfeh\u00e9rv\u00e1r vas\u00fatvonal p\u00e1lya\u00e9p\u00edt\u00e9s sor\u00e1n a hagyom\u00e1nyos biztos\u00edt\u00f3berendez\u00e9sek \u00e1talak\u00edt\u00e1s\u00e1nak tervez\u00e9se, koordin\u00e1l\u00e1sa.<\/span><\/li>\n<\/ul>\n<p style=\"text-align: justify;\"><span style=\"font-size: 12pt;\"><em><strong><span style=\"font-family: arial, helvetica, sans-serif;\">R\u00e9szt vett\u00fcnk t\u00f6bb nemzetk\u00f6zi kivitelez\u0151i tender el\u0151k\u00e9sz\u00edt\u00e9s\u00e9ben, mint:<\/span><\/strong><\/em><\/span><\/p>\n<p style=\"text-align: justify;\"><span style=\"font-size: 12pt;\"><em><strong><span style=\"font-family: arial, helvetica, sans-serif;\"><u>Biztos\u00edt\u00f3berendez\u00e9sek:<\/u><\/span><\/strong><\/em><\/span><\/p>\n<ul>\n<li><span style=\"font-family: arial, helvetica, sans-serif; font-size: 12pt;\">R\u00e1kos \u2013 Magl\u00f3d vas\u00fatvonal rehabilit\u00e1ci\u00f3ja<\/span><\/li>\n<li><span style=\"font-family: arial, helvetica, sans-serif; font-size: 12pt;\">Albertirsa \u2013 Cegl\u00e9d vas\u00fatvonal rehabilit\u00e1ci\u00f3ja<\/span><\/li>\n<li><span style=\"font-family: arial, helvetica, sans-serif; font-size: 12pt;\">Monor \u00e1llom\u00e1s rehabilit\u00e1ci\u00f3ja<\/span><\/li>\n<li><span style=\"font-family: arial, helvetica, sans-serif; font-size: 12pt;\">Zalal\u00f6v\u0151 \u2013 Hodos \u00faj vas\u00fatvonal biztos\u00edt\u00f3berendez\u00e9s el\u0151-, \u00e9s kiviteli terveinek elk\u00e9sz\u00edt\u00e9s\u00e9ben, valamint kivitelez\u00e9s\u00e9nek m\u00e9rn\u00f6ki lebonyol\u00edt\u00e1s\u00e1ban<\/span><\/li>\n<li><span style=\"font-family: arial, helvetica, sans-serif; font-size: 12pt;\">Cegl\u00e9d \u2013 Kecskem\u00e9t vas\u00fatvonal nemzetk\u00f6zi enged\u00e9lyez\u00e9si \u00e9s tenderterv\u00e9nek k\u00e9sz\u00edt\u00e9se<\/span><\/li>\n<li><span style=\"font-family: arial, helvetica, sans-serif; font-size: 12pt;\">\u00dajsz\u00e1sz \u00e1llom\u00e1s biztos\u00edt\u00f3berendez\u00e9s rehabilit\u00e1ci\u00f3j\u00e1nak kiviteli tervez\u00e9se.<\/span><\/li>\n<li><span style=\"font-family: arial, helvetica, sans-serif; font-size: 12pt;\">Mez\u0151t\u00far &#8211; Gyoma vonalszakasz rekonstrukci\u00f3j\u00e1nak kivitelez\u0151i tender el\u0151k\u00e9sz\u00edt\u00e9se (enged\u00e9lyez\u00e9si \u00e9s tendertervek k\u00e9sz\u00edt\u00e9se).<\/span><\/li>\n<li><span style=\"font-family: arial, helvetica, sans-serif; font-size: 12pt;\">A tender felt\u00e9telek kidolgoz\u00e1sa a Budapest\u2014L\u0151k\u00f6sh\u00e1za vas\u00fatvonalon ETCS rendszer ki\u00e9p\u00edt\u00e9s\u00e9hez.<\/span><\/li>\n<li style=\"text-align: justify;\"><span style=\"font-family: arial, helvetica, sans-serif; font-size: 12pt;\">A budapesti \u00faj n\u00e9gyes\u00a0 metr\u00f3\u00a0 vezet\u0151 n\u00e9lk\u00fcli biztos\u00edt\u00f3berendez\u00e9seinek\u00a0 tervez\u00e9se, \u00e9s a villamos jelleg\u0171 munk\u00e1k f\u0151tervez\u0151i feladatainak ell\u00e1t\u00e1sa a SIEMENS megb\u00edz\u00e1s\u00e1b\u00f3l.<\/span><\/li>\n<li style=\"text-align: justify;\"><span style=\"font-family: arial, helvetica, sans-serif; font-size: 12pt;\">Szajol-P\u00fcsp\u00f6klad\u00e1ny vas\u00fatvonalon elektronikus \u00e1llom\u00e1si (5db) \u00e9s vonali biztos\u00edt\u00f3berendez\u00e9sek, valamint az ETCS L2 rendszer p\u00e1lya menti alrendszer telep\u00edt\u00e9s\u00e9nek tervez\u00e9se a THALES megb\u00edz\u00e1s\u00e1b\u00f3l.<\/span><\/li>\n<li style=\"text-align: justify;\"><span style=\"font-family: arial, helvetica, sans-serif; font-size: 12pt;\">A Kelenf\u00f6ld\u2014Sz\u00e9kesfeh\u00e9rv\u00e1r vas\u00fatvonalon elektronikus \u00e1llom\u00e1si (6db) \u00e9s t\u00e9rk\u00f6zbiztos\u00edt\u00f3 berendez\u00e9sek telep\u00edt\u00e9s\u00e9nek tervez\u00e9se a SIEMENS megb\u00edz\u00e1s\u00e1b\u00f3l.<\/span><\/li>\n<li style=\"text-align: justify;\"><span style=\"font-family: arial, helvetica, sans-serif; font-size: 12pt;\">Sz\u00e9kesfeh\u00e9rv\u00e1r \u2013 Boba vas\u00fatvonal rekonstrukci\u00f3j\u00e1hoz biztos\u00edt\u00f3berendez\u00e9sek \u00e9s t\u00e1vk\u00f6zl\u0151 berendez\u00e9sek k\u00e9sz\u00edt\u00e9se, ETCS L2 enged\u00e9lyez\u00e9si \u00e9s tenderterv k\u00e9sz\u00edt\u00e9se<\/span><\/li>\n<li style=\"text-align: justify;\"><span style=\"font-family: arial, helvetica, sans-serif; font-size: 12pt;\">Biatorb\u00e1gy &#8211; Tata vonalszakasz korszer\u0171s\u00edt\u00e9se enged\u00e9lyez\u00e9si terveinek elk\u00e9sz\u00edt\u00e9se, valamint gener\u00e1l tervez\u0151i feladatok ell\u00e1t\u00e1sa.<\/span><\/li>\n<li style=\"text-align: justify;\"><span style=\"font-size: 12pt;\"><span style=\"font-family: arial, helvetica, sans-serif;\">\u00d3buda &#8211; Piliscsaba vas\u00fatvonalon elektronikus \u00e1llom\u00e1si (4db) \u00e9s vonali biztos\u00edt\u00f3berendez\u00e9sek telep\u00edt\u00e9s\u00e9nek tervez\u00e9se, a\u00a0<\/span><span style=\"font-family: arial, helvetica, sans-serif;\">SIEMENS ZRt. megb\u00edz\u00e1s\u00e1b\u00f3l.<\/span><\/span><\/li>\n<\/ul>\n<p style=\"text-align: justify;\"><span style=\"font-size: 12pt;\"><em><strong><span style=\"font-family: arial, helvetica, sans-serif;\"><u>T\u00e1vk\u00f6zl\u0151 h\u00e1l\u00f3zatok:<\/u><\/span><\/strong><\/em><\/span><\/p>\n<ul>\n<li style=\"text-align: justify;\"><span style=\"font-family: arial, helvetica, sans-serif; font-size: 12pt;\">T\u00f6bb t\u00edz kilom\u00e9ter vonalk\u00e1bel tervez\u00e9se<\/span><\/li>\n<li style=\"text-align: justify;\"><span style=\"font-family: arial, helvetica, sans-serif; font-size: 12pt;\">\u00c1llom\u00e1si t\u00e1vk\u00f6zl\u0151 berendez\u00e9sek tervez\u00e9se (P\u00e9cel, G\u00f6d\u00f6ll\u0151, Ny\u00edregyh\u00e1za, Budapest-Nyugati pu.)<\/span><\/li>\n<li style=\"text-align: justify;\"><span style=\"font-family: arial, helvetica, sans-serif; font-size: 12pt;\">Mez\u0151t\u00far &#8211; Gyoma vonalszakasz rekonstrukci\u00f3j\u00e1nak kivitelez\u0151i tender el\u0151k\u00e9sz\u00edt\u00e9se (enged\u00e9lyez\u00e9si \u00e9s tendertervek k\u00e9sz\u00edt\u00e9se).<\/span><\/li>\n<li style=\"text-align: justify;\"><span style=\"font-family: arial, helvetica, sans-serif; font-size: 12pt;\">Zalal\u00f6v\u0151 \u2013 Baj\u00e1nsenye hangsz\u00f3r\u00f3-, \u00e9s \u00f3raberendez\u00e9sek<\/span><\/li>\n<li style=\"text-align: justify;\"><span style=\"font-family: arial, helvetica, sans-serif; font-size: 12pt;\">Budapest \u2013 Nyugati pu. hangos \u00e9s vizu\u00e1lis utast\u00e1j\u00e9koztat\u00f3 rendszere<\/span><\/li>\n<li style=\"text-align: justify;\"><span style=\"font-family: arial, helvetica, sans-serif; font-size: 12pt;\">Miskolc \u2013Ny\u00e9kl\u00e1dh\u00e1za f\u00e9nyvezet\u0151 k\u00e1belh\u00e1l\u00f3zat (M\u00c1V \u2013MAT\u00c1V)<\/span><\/li>\n<li style=\"text-align: justify;\"><span style=\"font-family: arial, helvetica, sans-serif; font-size: 12pt;\">M\u00c1V budapesti optikai k\u00f6rgy\u0171r\u0171<\/span><\/li>\n<\/ul>\n<p style=\"text-align: justify;\"><span style=\"font-size: 12pt;\"><em><strong><span style=\"font-family: arial, helvetica, sans-serif;\">Amire b\u00fcszk\u00e9k vagyunk:<\/span><\/strong><\/em><\/span><\/p>\n<p style=\"text-align: justify;\"><span style=\"font-family: arial, helvetica, sans-serif; font-size: 12pt;\">Els\u0151sorban arra lehet\u00fcnk a legb\u00fcszk\u00e9bbek, hogy a <strong>Bi-Logik Kft.<\/strong> \u00fatt\u00f6r\u0151 szerepet v\u00e1llalt az ERTMS\/ETCS rendszer magyarorsz\u00e1gi bevezet\u00e9s\u00e9ben. A k\u00fclf\u00f6ldi tapasztalatok \u00f6sszegz\u00e9se valamint a M\u00c1V Zrt. szakembereivel val\u00f3 folyamatos egyeztet\u00e9s eredm\u00e9nyek\u00e9ppen l\u00e9trehoztunk egy ETCS tervez\u00e9si seg\u00e9dletet, ami k\u00e9s\u0151bb alapj\u00e1t k\u00e9pezte a j\u00f3v\u00e1hagyott ETCS felt\u00e9tf\u00fczetnek.<\/span><\/p>\n<p style=\"text-align: justify;\"><span style=\"font-family: arial, helvetica, sans-serif; font-size: 12pt;\">\u00a0Az ETCS L2 rendszerhez kapcsol\u00f3d\u00f3an dolgozunk egy \u00fczemi koncepci\u00f3n is, ami megfogalmazza azokat a forgalmi \u00e9s k\u00f6zleked\u00e9si szitu\u00e1ci\u00f3kat, amelyek a val\u00f3s\u00e1gban k\u00fcl\u00f6nb\u00f6z\u0151 gyakoris\u00e1ggal el\u0151fordulhatnak (\u00fczemszer\u0171, illetve hav\u00e1ria esetek) \u00e9s amelyeket a l\u00e9tes\u00edtend\u0151 rendszernek kezelni kell.<\/span><\/p>\n<p style=\"text-align: justify;\"><span style=\"font-family: arial, helvetica, sans-serif; font-size: 12pt;\">A Kelenf\u00f6ld &#8211; Sz\u00e9kesfeh\u00e9rv\u00e1r, valamint a Szajol &#8211; P\u00fcsp\u00f6klad\u00e1ny vas\u00fatvonal elektronikus biztos\u00edt\u00f3berendez\u00e9seinek telep\u00edt\u00e9se kapcs\u00e1n r\u00e9szt vesz\u00fcnk a centraliz\u00e1lt vonali elektronikus blokkberendez\u00e9s fejleszt\u00e9s\u00e9ben, tervez\u00e9s\u00e9ben<\/span><\/p>\n<p style=\"text-align: justify;\"><span style=\"font-size: 12pt;\"><em><strong><span style=\"font-family: arial, helvetica, sans-serif;\">Amint azt r\u00f6vid referenci\u00e1ink \u00e1ttanulm\u00e1nyoz\u00e1sa ut\u00e1n l\u00e1thatja, c\u00e9g\u00fcnk mindig alapvet\u0151 feladat\u00e1nak tekintette &#8211; tervez\u0151i \u00e9s munkat\u00e1rsai szak\u00e9rtelm\u00e9re \u00e9s elhivatotts\u00e1g\u00e1ra t\u00e1maszkodva &#8211;\u00a0 a r\u00e9szv\u00e9telt a jelz\u0151- \u00e9s biztos\u00edt\u00f3berendez\u00e9sek nemzetk\u00f6zi fejleszt\u00e9si eredm\u00e9nyeinek magyarorsz\u00e1gi meghonos\u00edt\u00e1s\u00e1ban, szorosan egy\u00fcttm\u0171k\u00f6dve ezen piac szerepl\u0151ivel, illetve a hat\u00f3s\u00e1gokkal.\u00a0<\/span><span style=\"font-family: arial, helvetica, sans-serif;\">Ezek alapj\u00e1n bizakodva tekint\u00fcnk az egy\u00fcttm\u0171k\u00f6d\u00e9s el\u00e9 a haz\u00e1nkban elv\u00e9gzend\u0151 vas\u00fatfejleszt\u00e9si projektekben.<\/span><\/strong><\/em><\/span><\/p>\n","protected":false},"excerpt":{"rendered":"<p>Kor\u00e1bbi munk\u00e1ink sor\u00e1n &#8211; mint a tervez\u0151ink saj\u00e1t referenci\u00e1i &#8211; r\u00e9szt vett\u00fcnk a M\u00c1V, ZSR, GySEV, BKV, legjelent\u0151sebb beruh\u00e1z\u00e1sainak t\u00e1vk\u00f6zl\u0151-, \u00e9s biztos\u00edt\u00f3berendez\u00e9si tervez\u00e9s\u00e9ben. A tervez\u00e9sen t\u00fal v\u00e1llaltuk a kivitelez\u00e9s m\u00e9rn\u00f6ki lebonyol\u00edt\u00e1s\u00e1nak feladat\u00e1t is. Budapest \u2013 Hegyeshalom vas\u00fatvonal rehabilit\u00e1ci\u00f3ja sor\u00e1n az emelt sebess\u00e9g\u0171 k\u00f6zleked\u00e9s bevezet\u00e9s\u00e9hez kapcsol\u00f3d\u00f3an az \u00e1llom\u00e1si \u00e9s vonali biztos\u00edt\u00f3berendez\u00e9sek \u00e1talak\u00edt\u00e1sa, tervez\u00e9se. Az emelt sebess\u00e9g\u0171 t\u00e9rk\u00f6z-, \u00e9s soromp\u00f3 berendez\u00e9sek alapkapcsol\u00e1s\u00e1nak kialak\u00edt\u00e1sa. A tengelysz\u00e1ml\u00e1l\u00f3s soromp\u00f3 berendez\u00e9sek alapkapcsol\u00e1s\u00e1nak kialak\u00edt\u00e1sa. A sz\u00e1m\u00edt\u00f3g\u00e9pes kezel\u0151i fel\u00fclet illeszt\u00e9se (ELPULT) a soproni, soroks\u00e1ri vonalon. Az un. szovjet t\u00edpus\u00fa \u00e1llom\u00e1si biztos\u00edt\u00f3berendez\u00e9sek tervez\u00e9se, kieg\u00e9sz\u00edt\u00e9se a Debrecen- Ny\u00edregyh\u00e1za illetve az&hellip;<\/p>\n","protected":false},"author":1,"featured_media":0,"parent":0,"menu_order":0,"comment_status":"closed","ping_status":"closed","template":"","meta":{"footnotes":""},"_links":{"self":[{"href":"https:\/\/bilogik.hu\/index.php\/wp-json\/wp\/v2\/pages\/76"}],"collection":[{"href":"https:\/\/bilogik.hu\/index.php\/wp-json\/wp\/v2\/pages"}],"about":[{"href":"https:\/\/bilogik.hu\/index.php\/wp-json\/wp\/v2\/types\/page"}],"author":[{"embeddable":true,"href":"https:\/\/bilogik.hu\/index.php\/wp-json\/wp\/v2\/users\/1"}],"replies":[{"embeddable":true,"href":"https:\/\/bilogik.hu\/index.php\/wp-json\/wp\/v2\/comments?post=76"}],"version-history":[{"count":1,"href":"https:\/\/bilogik.hu\/index.php\/wp-json\/wp\/v2\/pages\/76\/revisions"}],"predecessor-version":[{"id":77,"href":"https:\/\/bilogik.hu\/index.php\/wp-json\/wp\/v2\/pages\/76\/revisions\/77"}],"wp:attachment":[{"href":"https:\/\/bilogik.hu\/index.php\/wp-json\/wp\/v2\/media?parent=76"}],"curies":[{"name":"wp","href":"https:\/\/api.w.org\/{rel}","templated":true}]}}