{"id":78,"date":"2017-09-24T09:19:40","date_gmt":"2017-09-24T09:19:40","guid":{"rendered":"http:\/\/bilogik.hu\/?page_id=78"},"modified":"2017-09-24T13:04:16","modified_gmt":"2017-09-24T13:04:16","slug":"tervezes","status":"publish","type":"page","link":"https:\/\/bilogik.hu\/index.php\/tervezes\/","title":{"rendered":"TERVEZ\u00c9S"},"content":{"rendered":"<p style=\"text-align: justify;\"><span style=\"font-family: arial, helvetica, sans-serif; font-size: 12pt;\">Tervez\u00e9si tev\u00e9kenys\u00e9g\u00fcnk, mint ahogy a berendez\u00e9sek sokf\u00e9les\u00e9ge is igazolja &#8211; sz\u00e9les hat\u00e1rok k\u00f6z\u00f6tt mozog, a r\u00e9gi mechanikus jelleg\u0171 biztos\u00edt\u00f3berendez\u00e9sekt\u0151l a modern sz\u00e1m\u00edt\u00f3g\u00e9pes alap\u00fa t\u00e1vk\u00f6zl\u0151-, \u00e9s biztos\u00edt\u00f3berendez\u00e9sekig kiterjed. Ennek megfelel\u0151en tervez\u00e9si m\u00f3dszer\u00fcnkn\u00e9l is igyeksz\u00fcnk alkalmazni a XXI. sz\u00e1zad egyre modernebb eszk\u00f6zt\u00e1r\u00e1t, kiel\u00e9g\u00edtve megrendel\u0151ink n\u00f6vekv\u0151 ig\u00e9nyeit, \u00e9s az EU norm\u00e1k elv\u00e1r\u00e1sait. Ennek megfelel\u0151en t\u00e1vk\u00f6zl\u0151-, \u00e9s biztos\u00edt\u00f3berendez\u00e9si terveinket teljes eg\u00e9sz\u00e9ben sz\u00e1m\u00edt\u00f3g\u00e9pes rendszerrel tervezz\u00fck, nyomvonalas jelleg\u0171 terveink beilleszthet\u0151ek az <strong>Egys\u00e9ges Orsz\u00e1gos Vet\u00fcleti rendszerbe (EOV)<\/strong>.<\/span><\/p>\n<p><span style=\"font-family: arial, helvetica, sans-serif; font-size: 12pt;\"><div id=\"metaslider-id-51\" style=\"max-width: 1024px;\" class=\"ml-slider-3-37-0 metaslider metaslider-flex metaslider-51 ml-slider ms-theme-default nav-hidden\" role=\"region\" aria-roledescription=\"Slideshow\" aria-label=\"Slideshow\">\n    <div id=\"metaslider_container_51\">\n        <div id=\"metaslider_51\">\n            <ul aria-live=\"polite\" class=\"slides\">\n                <li style=\"display: block; width: 100%;\" class=\"slide-435 ms-image\" aria-roledescription=\"slide\" aria-label=\"slide-435\"><img src=\"https:\/\/bilogik.hu\/wp-content\/uploads\/2022\/10\/microstationv8i-1024x500.png\" height=\"500\" width=\"1024\" alt=\"\" class=\"slider-51 slide-435\" \/><div class=\"caption-wrap\"><div class=\"caption\">Microstation V8i saj\u00e1t fejleszt\u0151i seg\u00e9dlettel<\/div><\/div><\/li>\n                <li style=\"display: none; width: 100%;\" class=\"slide-436 ms-image\" aria-roledescription=\"slide\" aria-label=\"slide-436\"><img src=\"https:\/\/bilogik.hu\/wp-content\/uploads\/2022\/10\/ttr03-1024x500.png\" height=\"500\" width=\"1024\" alt=\"\" class=\"slider-51 slide-436\" \/><div class=\"caption-wrap\"><div class=\"caption\">Tervez\u00e9st T\u00e1mogat\u00f3 Rendszer (TTR) projekten bel\u00fcli rajzok \u00e9s dokumentumok nyilv\u00e1ntart\u00e1sa<\/div><\/div><\/li>\n                <li style=\"display: none; width: 100%;\" class=\"slide-437 ms-image\" aria-roledescription=\"slide\" aria-label=\"slide-437\"><img src=\"https:\/\/bilogik.hu\/wp-content\/uploads\/2022\/10\/ttr01-1024x500.png\" height=\"500\" width=\"1024\" alt=\"\" class=\"slider-51 slide-437\" \/><div class=\"caption-wrap\"><div class=\"caption\">Tervez\u00e9st T\u00e1mogat\u00f3 Rendszer (TTR) adatb\u00e1zissal \u00f6sszekapcsolt elemek<\/div><\/div><\/li>\n                <li style=\"display: none; width: 100%;\" class=\"slide-438 ms-image\" aria-roledescription=\"slide\" aria-label=\"slide-438\"><img src=\"https:\/\/bilogik.hu\/wp-content\/uploads\/2022\/10\/ttr02-1024x500.png\" height=\"500\" width=\"1024\" alt=\"\" class=\"slider-51 slide-438\" \/><div class=\"caption-wrap\"><div class=\"caption\">Tervez\u00e9st T\u00e1mogat\u00f3 Rendszer (TTR) adatb\u00e1zissal \u00f6sszekapcsolt elemek EOV rendszerben<\/div><\/div><\/li>\n            <\/ul>\n        <\/div>\n        \n    <\/div>\n<\/div><\/span><\/p>\n<p style=\"text-align: justify;\"><span style=\"font-family: arial, helvetica, sans-serif; font-size: 12pt;\">Eredm\u00e9nyeink k\u00f6z\u00f6tt k\u00f6nyvelhetj\u00fck el Cegl\u00e9d \u00e1llom\u00e1s D-55 \u00e9s SIMIS IS t\u00edpus\u00fa biztos\u00edt\u00f3berendez\u00e9sek sikeres \u00f6sszekapcsol\u00e1s\u00e1t. Az orsz\u00e1gban els\u0151k\u00e9nt ker\u00fclt \u00f6sszekapcsol\u00e1sra megl\u00e9v\u0151 jelfog\u00f3s biztos\u00edt\u00f3berendez\u00e9s egy \u00faj elektronikus biztos\u00edt\u00f3berendez\u00e9ssel.<\/span><br \/>\n<span style=\"font-family: arial, helvetica, sans-serif; font-size: 12pt;\"> Hasonl\u00f3an \u00fatt\u00f6r\u0151 szerepet v\u00e1llaltunk \u00e9s v\u00e1llalunk az ERTMS\/ETCS rendszer magyarorsz\u00e1gi bevezet\u00e9s\u00e9ben. A Bi-Logik Kft. a Baj\u00e1nsenye &#8211; Zalal\u00f6v\u0151 vas\u00fatvonal ETCS Level1 tervez\u00e9sekor kapcsol\u00f3dott be az Egys\u00e9ges Eur\u00f3pai Vonatbefoly\u00e1sol\u00f3 rendszer bevezet\u00e9s\u00e9be. K\u00e9s\u0151bb a Level2 tervez\u00e9sek kezdet\u00e9n szembes\u00fclt\u00fcnk sz\u00e1mos probl\u00e9m\u00e1val, ami a magyar saj\u00e1toss\u00e1goknak k\u00f6sz\u00f6nhet\u0151. C\u00e9g\u00fcnk t\u00f6bb tanulm\u00e1nyutat szervezett Berlinbe, Csehorsz\u00e1gba, valamint a R\u00f3ma-N\u00e1poly vas\u00fatvonalra az ETCS Level2 k\u00f6zelebbi megismer\u00e9s\u00e9re, az eddigi tapasztalatok \u00f6sszegy\u0171jt\u00e9s\u00e9re \u00e9s ennek be\u00e9p\u00edt\u00e9s\u00e9re a hazai gyakorlatba. B\u00fcszk\u00e9k vagyunk arra, hogy a kapcsol\u00f3d\u00f3 szak\u00e1gi tervez\u0151kkel &#8211; p\u00e1ly\u00e1s, fels\u0151 vezet\u00e9ki, vas\u00fat\u00fczemi, \u00e9p\u00edt\u00e9sz &#8211; a sz\u00e1m\u00edt\u00f3g\u00e9pes \u00e1tj\u00e1rhat\u00f3s\u00e1got \u00e9s egy\u00fctt tervez\u00e9s lehet\u0151s\u00e9geit meg tudtuk val\u00f3s\u00edtani.<\/span><\/p>\n<p style=\"text-align: justify;\"><span style=\"font-family: arial, helvetica, sans-serif; font-size: 12pt;\">A biztos\u00edt\u00f3berendez\u00e9sek kiviteli terveit &#8211; kapcsol\u00e1si rajzait &#8211; egy saj\u00e1t fejleszt\u00e9s\u0171 tervez\u00e9st seg\u00edt\u0151 programmal k\u00e9sz\u00edtj\u00fck, mely a rajzol\u00e1si funkci\u00f3n t\u00fal k\u00e9pes a rajzi objektumokhoz automatikusan adat\u00e1llom\u00e1nyt hozz\u00e1rendelni (foglalts\u00e1gi lapok), \u00e9s a tervez\u00e9s sor\u00e1n folyamatosan nyilv\u00e1ntartani.<\/span><\/p>\n<p><span style=\"font-family: arial, helvetica, sans-serif; font-size: 12pt;\"><div id=\"metaslider-id-58\" style=\"max-width: 1024px;\" class=\"ml-slider-3-37-0 metaslider metaslider-flex metaslider-58 ml-slider ms-theme-default nav-hidden nav-hidden\" role=\"region\" aria-roledescription=\"Slideshow\" aria-label=\"Slideshow\">\n    <div id=\"metaslider_container_58\">\n        <div id=\"metaslider_58\">\n            <ul aria-live=\"polite\" class=\"slides\">\n                <li style=\"display: block; width: 100%;\" class=\"slide-62 ms-image\" aria-roledescription=\"slide\" aria-label=\"slide-62\"><img src=\"https:\/\/bilogik.hu\/wp-content\/uploads\/2017\/09\/allvany-1024x500.png\" height=\"500\" width=\"1024\" alt=\"\" class=\"slider-58 slide-62\" \/><div class=\"caption-wrap\"><div class=\"caption\">\u00c1llv\u00e1ny szerkeszt\u00e9se<\/div><\/div><\/li>\n                <li style=\"display: none; width: 100%;\" class=\"slide-63 ms-image\" aria-roledescription=\"slide\" aria-label=\"slide-63\"><img src=\"https:\/\/bilogik.hu\/wp-content\/uploads\/2017\/09\/dxfin-1024x500.png\" height=\"500\" width=\"1024\" alt=\"\" class=\"slider-58 slide-63\" \/><div class=\"caption-wrap\"><div class=\"caption\">K\u00e9sz PDF kapcsol\u00e1si rajz<\/div><\/div><\/li>\n                <li style=\"display: none; width: 100%;\" class=\"slide-64 ms-image\" aria-roledescription=\"slide\" aria-label=\"slide-64\"><img src=\"https:\/\/bilogik.hu\/wp-content\/uploads\/2017\/09\/jedit-1024x500.png\" height=\"500\" width=\"1024\" alt=\"\" class=\"slider-58 slide-64\" \/><div class=\"caption-wrap\"><div class=\"caption\">Kapcsol\u00e1si rajz szerkeszt\u00e9se<\/div><\/div><\/li>\n            <\/ul>\n        <\/div>\n        \n    <\/div>\n<\/div><\/span><\/p>\n<p style=\"text-align: justify;\"><span style=\"font-family: arial, helvetica, sans-serif; font-size: 12pt;\">Tervez\u00e9si munk\u00e1ink c\u00e9lkit\u0171z\u00e9se tov\u00e1bbra is az, hogy l\u00e9p\u00e9st tudjunk tartani a technikai fejl\u0151d\u00e9ssel, \u00e9s ezt a tervez\u00e9s sor\u00e1n min\u00e9l hamarabb alkalmazni tudjuk! Ez\u00e9rt is kapcsol\u00f3dunk be az elektronikus biztos\u00edt\u00f3berendez\u00e9sek fejleszt\u00e9s\u00e9be, adapt\u00e1l\u00e1s\u00e1ba, ill. kiviteli terveinek k\u00e9sz\u00edt\u00e9s\u00e9be. Hasonl\u00f3an kiemelked\u0151 eredm\u00e9nyeket v\u00e1runk az <strong>Egys\u00e9ges Vonatbefoly\u00e1sol\u00f3 Rendszer<\/strong> (ETCS) fejleszt\u00e9s\u00e9ben val\u00f3 r\u00e9szv\u00e9tel\u00fcnkt\u0151l! \u00dczleti terv\u00fcnkben szerepel a M\u00c1V vonalain k\u00f6zelj\u00f6v\u0151ben bevezetend\u0151 ETCS Level2 telep\u00edt\u00e9se kapcs\u00e1n r\u00e9szt venni egy konkr\u00e9t fejleszt\u00e9si \u00e9s tervez\u00e9si munk\u00e1ban, tov\u00e1bb\u00e1 az elm\u00falt id\u0151szakhoz hasonl\u00f3an folytatni az EU \u00e1ltal finansz\u00edrozott M\u00c1V ZRt. tenderek el\u0151k\u00e9sz\u00edt\u00e9s\u00e9t. Lehet\u0151s\u00e9geink szerint r\u00e9szt k\u00edv\u00e1nunk venni a M\u00c1V ZRt. biztos\u00edt\u00f3berendez\u00e9seinek \u00e9s ezek r\u00e9szegys\u00e9geinek fejleszt\u00e9s\u00e9ben.<\/span><\/p>\n<p><span style=\"font-family: arial, helvetica, sans-serif; font-size: 12pt;\"><div id=\"metaslider-id-65\" style=\"max-width: 1024px;\" class=\"ml-slider-3-37-0 metaslider metaslider-flex metaslider-65 ml-slider ms-theme-default nav-hidden nav-hidden nav-hidden\" role=\"region\" aria-roledescription=\"Slideshow\" aria-label=\"Slideshow\">\n    <div id=\"metaslider_container_65\">\n        <div id=\"metaslider_65\">\n            <ul aria-live=\"polite\" class=\"slides\">\n                <li style=\"display: block; width: 100%;\" class=\"slide-442 ms-image\" aria-roledescription=\"slide\" aria-label=\"slide-442\"><img src=\"https:\/\/bilogik.hu\/wp-content\/uploads\/2022\/10\/feditak-1024x500.png\" height=\"500\" width=\"1024\" alt=\"\" class=\"slider-65 slide-442\" \/><div class=\"caption-wrap\"><div class=\"caption\">FEDIT \u00e1ramk\u00f6r tervez\u0151 funkci\u00f3<\/div><\/div><\/li>\n                <li style=\"display: none; width: 100%;\" class=\"slide-443 ms-image\" aria-roledescription=\"slide\" aria-label=\"slide-443\"><img src=\"https:\/\/bilogik.hu\/wp-content\/uploads\/2022\/10\/feditto-1024x500.png\" height=\"500\" width=\"1024\" alt=\"\" class=\"slider-65 slide-443\" \/><div class=\"caption-wrap\"><div class=\"caption\">FEDIT \u00e1llom\u00e1si torz\u00edtott helysz\u00ednrajz adatb\u00e1zissal<\/div><\/div><\/li>\n                <li style=\"display: none; width: 100%;\" class=\"slide-444 ms-image\" aria-roledescription=\"slide\" aria-label=\"slide-444\"><img src=\"https:\/\/bilogik.hu\/wp-content\/uploads\/2022\/10\/fedittoad-1024x500.png\" height=\"500\" width=\"1024\" alt=\"\" class=\"slider-65 slide-444\" \/><div class=\"caption-wrap\"><div class=\"caption\">FEDIT \u00e1llom\u00e1si torz\u00edtott helysz\u00ednrajz adatb\u00e1zissal<\/div><\/div><\/li>\n            <\/ul>\n        <\/div>\n        \n    <\/div>\n<\/div><\/span><\/p>\n","protected":false},"excerpt":{"rendered":"<p>Tervez\u00e9si tev\u00e9kenys\u00e9g\u00fcnk, mint ahogy a berendez\u00e9sek sokf\u00e9les\u00e9ge is igazolja &#8211; sz\u00e9les hat\u00e1rok k\u00f6z\u00f6tt mozog, a r\u00e9gi mechanikus jelleg\u0171 biztos\u00edt\u00f3berendez\u00e9sekt\u0151l a modern sz\u00e1m\u00edt\u00f3g\u00e9pes alap\u00fa t\u00e1vk\u00f6zl\u0151-, \u00e9s biztos\u00edt\u00f3berendez\u00e9sekig kiterjed. Ennek megfelel\u0151en tervez\u00e9si m\u00f3dszer\u00fcnkn\u00e9l is igyeksz\u00fcnk alkalmazni a XXI. sz\u00e1zad egyre modernebb eszk\u00f6zt\u00e1r\u00e1t, kiel\u00e9g\u00edtve megrendel\u0151ink n\u00f6vekv\u0151 ig\u00e9nyeit, \u00e9s az EU norm\u00e1k elv\u00e1r\u00e1sait. Ennek megfelel\u0151en t\u00e1vk\u00f6zl\u0151-, \u00e9s biztos\u00edt\u00f3berendez\u00e9si terveinket teljes eg\u00e9sz\u00e9ben sz\u00e1m\u00edt\u00f3g\u00e9pes rendszerrel tervezz\u00fck, nyomvonalas jelleg\u0171 terveink beilleszthet\u0151ek az Egys\u00e9ges Orsz\u00e1gos Vet\u00fcleti rendszerbe (EOV). Eredm\u00e9nyeink k\u00f6z\u00f6tt k\u00f6nyvelhetj\u00fck el Cegl\u00e9d \u00e1llom\u00e1s D-55 \u00e9s SIMIS IS t\u00edpus\u00fa biztos\u00edt\u00f3berendez\u00e9sek sikeres \u00f6sszekapcsol\u00e1s\u00e1t. Az orsz\u00e1gban els\u0151k\u00e9nt ker\u00fclt \u00f6sszekapcsol\u00e1sra megl\u00e9v\u0151&hellip;<\/p>\n","protected":false},"author":1,"featured_media":0,"parent":0,"menu_order":0,"comment_status":"closed","ping_status":"closed","template":"","meta":{"footnotes":""},"_links":{"self":[{"href":"https:\/\/bilogik.hu\/index.php\/wp-json\/wp\/v2\/pages\/78"}],"collection":[{"href":"https:\/\/bilogik.hu\/index.php\/wp-json\/wp\/v2\/pages"}],"about":[{"href":"https:\/\/bilogik.hu\/index.php\/wp-json\/wp\/v2\/types\/page"}],"author":[{"embeddable":true,"href":"https:\/\/bilogik.hu\/index.php\/wp-json\/wp\/v2\/users\/1"}],"replies":[{"embeddable":true,"href":"https:\/\/bilogik.hu\/index.php\/wp-json\/wp\/v2\/comments?post=78"}],"version-history":[{"count":5,"href":"https:\/\/bilogik.hu\/index.php\/wp-json\/wp\/v2\/pages\/78\/revisions"}],"predecessor-version":[{"id":182,"href":"https:\/\/bilogik.hu\/index.php\/wp-json\/wp\/v2\/pages\/78\/revisions\/182"}],"wp:attachment":[{"href":"https:\/\/bilogik.hu\/index.php\/wp-json\/wp\/v2\/media?parent=78"}],"curies":[{"name":"wp","href":"https:\/\/api.w.org\/{rel}","templated":true}]}}