{"id":83,"date":"2017-09-24T09:31:41","date_gmt":"2017-09-24T09:31:41","guid":{"rendered":"http:\/\/bilogik.hu\/?page_id=83"},"modified":"2025-02-26T12:34:50","modified_gmt":"2025-02-26T12:34:50","slug":"tevekenysegek","status":"publish","type":"page","link":"https:\/\/bilogik.hu\/index.php\/tevekenysegek\/","title":{"rendered":"TEV\u00c9KENYS\u00c9G"},"content":{"rendered":"<table style=\"width: 741px; height: 989px;\">\n<tbody>\n<tr>\n<td style=\"width: 309px;\"><span style=\"font-family: arial,helvetica,sans-serif;\">\u00a0<\/span><\/td>\n<td style=\"width: 416px;\"><span style=\"font-family: arial,helvetica,sans-serif; font-size: 18.66px;\"><b>2025<\/b><\/span><\/td>\n<\/tr>\n<tr>\n<td style=\"width: 309px;\"><span style=\"font-family: arial,helvetica,sans-serif;\"><img decoding=\"async\" loading=\"lazy\" class=\"alignnone wp-image-337 size-medium\" src=\"https:\/\/bilogik.hu\/wp-content\/uploads\/2020\/02\/Debrecen_all-300x200.jpg\" alt=\"\" width=\"300\" height=\"200\" srcset=\"https:\/\/bilogik.hu\/wp-content\/uploads\/2020\/02\/Debrecen_all-300x200.jpg 300w, https:\/\/bilogik.hu\/wp-content\/uploads\/2020\/02\/Debrecen_all-768x512.jpg 768w, https:\/\/bilogik.hu\/wp-content\/uploads\/2020\/02\/Debrecen_all.jpg 1000w\" sizes=\"(max-width: 300px) 100vw, 300px\" \/><\/span><\/td>\n<td style=\"width: 416px; text-align: left; vertical-align: top;\"><span style=\"font-family: arial, helvetica, sans-serif; font-size: 10pt;\">Debreceni \u00c9szak-nyugati Gazdas\u00e1gi \u00d6vezethez kapcsol\u00f3d\u00f3 vas\u00fath\u00e1l\u00f3zat fejleszt\u00e9sre<\/span><br \/>\n<span style=\"font-family: arial, helvetica, sans-serif; font-size: 10pt;\">vonatkoz\u00f3 egyes\u00edtett enged\u00e9lyez\u00e9si \u00e9s kiviteli tervdokument\u00e1ci\u00f3 elk\u00e9sz\u00edt\u00e9se<\/span><\/td>\n<\/tr>\n<tr>\n<td style=\"width: 309px;\">\u00a0<img decoding=\"async\" loading=\"lazy\" class=\"alignnone size-medium wp-image-307\" src=\"https:\/\/bilogik.hu\/wp-content\/uploads\/2019\/01\/KL_33102-300x200.jpg\" alt=\"\" width=\"300\" height=\"200\" srcset=\"https:\/\/bilogik.hu\/wp-content\/uploads\/2019\/01\/KL_33102-300x200.jpg 300w, https:\/\/bilogik.hu\/wp-content\/uploads\/2019\/01\/KL_33102-768x512.jpg 768w, https:\/\/bilogik.hu\/wp-content\/uploads\/2019\/01\/KL_33102-1024x683.jpg 1024w\" sizes=\"(max-width: 300px) 100vw, 300px\" \/><\/td>\n<td style=\"width: 416px; text-align: left; vertical-align: top;\"><span style=\"font-family: arial, helvetica, sans-serif; font-size: 10pt;\">Kelenf\u00f6ld \u00e9s Ferencv\u00e1ros \u00e1llom\u00e1sok k\u00f6z\u00f6tti k\u00f6t\u00f6ttp\u00e1ly\u00e1s kapcsolat fejleszt\u00e9se \u00e9rdek\u00e9ben h\u00e1romv\u00e1g\u00e1ny\u00fa kapcsolat \u00e9s \u00faj el\u0151v\u00e1rosi meg\u00e1ll\u00f3k kialak\u00edt\u00e1sa \u2013 el\u0151k\u00e9sz\u00edt\u00e9s<\/span><\/td>\n<\/tr>\n<tr>\n<td style=\"width: 309px;\"><img decoding=\"async\" loading=\"lazy\" class=\"alignnone wp-image-445 size-medium\" src=\"https:\/\/bilogik.hu\/wp-content\/uploads\/2017\/09\/P1130644-300x225.jpg\" alt=\"\" width=\"300\" height=\"225\" srcset=\"https:\/\/bilogik.hu\/wp-content\/uploads\/2017\/09\/P1130644-300x225.jpg 300w, https:\/\/bilogik.hu\/wp-content\/uploads\/2017\/09\/P1130644-768x576.jpg 768w, https:\/\/bilogik.hu\/wp-content\/uploads\/2017\/09\/P1130644-1024x768.jpg 1024w\" sizes=\"(max-width: 300px) 100vw, 300px\" \/><\/td>\n<td style=\"width: 416px; text-align: left; vertical-align: top;\"><span style=\"font-family: arial, helvetica, sans-serif; font-size: 10pt;\">B\u00e9k\u00e9scsaba (kiz.) &#8211; L\u0151k\u00f6sh\u00e1za (OH) vas\u00fati vonalszakasz p\u00e1lya\u00e9p\u00edt\u00e9si, biztos\u00edt\u00f3berendez\u00e9si \u00e9s t\u00e1vk\u00f6zl\u00e9si munk\u00e1i<\/span><\/td>\n<\/tr>\n<tr>\n<td style=\"width: 309px;\"><img decoding=\"async\" loading=\"lazy\" class=\"alignnone wp-image-449 size-medium\" src=\"https:\/\/bilogik.hu\/wp-content\/uploads\/2017\/09\/IMG_4473-300x225.jpg\" alt=\"\" width=\"300\" height=\"225\" srcset=\"https:\/\/bilogik.hu\/wp-content\/uploads\/2017\/09\/IMG_4473-300x225.jpg 300w, https:\/\/bilogik.hu\/wp-content\/uploads\/2017\/09\/IMG_4473-768x576.jpg 768w, https:\/\/bilogik.hu\/wp-content\/uploads\/2017\/09\/IMG_4473-1024x768.jpg 1024w\" sizes=\"(max-width: 300px) 100vw, 300px\" \/><\/td>\n<td style=\"width: 416px; text-align: left; vertical-align: top;\"><span style=\"font-family: arial, helvetica, sans-serif; font-size: 10pt;\">Sz\u0171k keresztmetszetek felsz\u00e1mol\u00e1sa \u00e9s az \u00e1tj\u00e1rhat\u00f3s\u00e1g fejleszt\u00e9se<br \/>\na Budapest (Kelenf\u00f6ld) \u2013 Hegyeshalom vas\u00fatvonalon<\/span><\/td>\n<\/tr>\n<tr>\n<td style=\"width: 309px;\"><img decoding=\"async\" loading=\"lazy\" class=\"alignnone wp-image-453 size-medium\" src=\"https:\/\/bilogik.hu\/wp-content\/uploads\/2017\/09\/IMG_4251-300x225.jpg\" alt=\"\" width=\"300\" height=\"225\" srcset=\"https:\/\/bilogik.hu\/wp-content\/uploads\/2017\/09\/IMG_4251-300x225.jpg 300w, https:\/\/bilogik.hu\/wp-content\/uploads\/2017\/09\/IMG_4251-768x576.jpg 768w, https:\/\/bilogik.hu\/wp-content\/uploads\/2017\/09\/IMG_4251-1024x768.jpg 1024w\" sizes=\"(max-width: 300px) 100vw, 300px\" \/><\/td>\n<td style=\"width: 416px; text-align: left; vertical-align: top;\"><span style=\"font-family: arial, helvetica, sans-serif; font-size: 10pt;\">K\u0151b\u00e1nya-Kispest (bez.) &#8211; Lajosmizse &#8211; Kecskem\u00e9t (kiz.) vas\u00fatvonal el\u0151v\u00e1rosi c\u00e9l\u00fa fejleszt\u00e9s\u00e9nek \u00e9s villamos\u00edt\u00e1s\u00e1nak el\u0151k\u00e9sz\u00edt\u00e9se, d\u00f6nt\u00e9s-el\u0151k\u00e9sz\u00edt\u0151 tanulm\u00e1ny, v\u00e1ltozatelemz\u0151 tanulm\u00e1ny, enged\u00e9lyez\u00e9si terv, kiviteli terv \u00e9s kapcsol\u00f3d\u00f3 tenderdokument\u00e1ci\u00f3 elk\u00e9sz\u00edt\u00e9se<\/span><\/td>\n<\/tr>\n<tr>\n<td style=\"width: 309px;\"><img decoding=\"async\" loading=\"lazy\" class=\"alignnone wp-image-456 size-medium\" src=\"https:\/\/bilogik.hu\/wp-content\/uploads\/2017\/09\/Gy\u00f6ngy\u00f6s-\u00e1ll-300x211.jpg\" alt=\"\" width=\"300\" height=\"211\" srcset=\"https:\/\/bilogik.hu\/wp-content\/uploads\/2017\/09\/Gy\u00f6ngy\u00f6s-\u00e1ll-300x211.jpg 300w, https:\/\/bilogik.hu\/wp-content\/uploads\/2017\/09\/Gy\u00f6ngy\u00f6s-\u00e1ll-768x539.jpg 768w, https:\/\/bilogik.hu\/wp-content\/uploads\/2017\/09\/Gy\u00f6ngy\u00f6s-\u00e1ll.jpg 976w\" sizes=\"(max-width: 300px) 100vw, 300px\" \/><\/td>\n<td style=\"width: 416px; text-align: left; vertical-align: top;\"><span style=\"font-family: arial, helvetica, sans-serif; font-size: 10pt;\">V\u00e1mosgy\u00f6rk &#8211; Gy\u00f6ngy\u00f6s vas\u00fatvonal enged\u00e9lyez\u00e9si \u00e9s kiviteli terveinek elk\u00e9sz\u00edt\u00e9se, tenderdokument\u00e1ci\u00f3 \u00f6ssze\u00e1ll\u00edt\u00e1sa, valamint az \u00e9p\u00edt\u00e9si enged\u00e9lyek megszerz\u00e9se<\/span><\/td>\n<\/tr>\n<\/tbody>\n<\/table>\n","protected":false},"excerpt":{"rendered":"<p>\u00a0 2025 Debreceni \u00c9szak-nyugati Gazdas\u00e1gi \u00d6vezethez kapcsol\u00f3d\u00f3 vas\u00fath\u00e1l\u00f3zat fejleszt\u00e9sre vonatkoz\u00f3 egyes\u00edtett enged\u00e9lyez\u00e9si \u00e9s kiviteli tervdokument\u00e1ci\u00f3 elk\u00e9sz\u00edt\u00e9se \u00a0 Kelenf\u00f6ld \u00e9s Ferencv\u00e1ros \u00e1llom\u00e1sok k\u00f6z\u00f6tti k\u00f6t\u00f6ttp\u00e1ly\u00e1s kapcsolat fejleszt\u00e9se \u00e9rdek\u00e9ben h\u00e1romv\u00e1g\u00e1ny\u00fa kapcsolat \u00e9s \u00faj el\u0151v\u00e1rosi meg\u00e1ll\u00f3k kialak\u00edt\u00e1sa \u2013 el\u0151k\u00e9sz\u00edt\u00e9s B\u00e9k\u00e9scsaba (kiz.) &#8211; L\u0151k\u00f6sh\u00e1za (OH) vas\u00fati vonalszakasz p\u00e1lya\u00e9p\u00edt\u00e9si, biztos\u00edt\u00f3berendez\u00e9si \u00e9s t\u00e1vk\u00f6zl\u00e9si munk\u00e1i Sz\u0171k keresztmetszetek felsz\u00e1mol\u00e1sa \u00e9s az \u00e1tj\u00e1rhat\u00f3s\u00e1g fejleszt\u00e9se a Budapest (Kelenf\u00f6ld) \u2013 Hegyeshalom vas\u00fatvonalon K\u0151b\u00e1nya-Kispest (bez.) &#8211; Lajosmizse &#8211; Kecskem\u00e9t (kiz.) vas\u00fatvonal el\u0151v\u00e1rosi c\u00e9l\u00fa fejleszt\u00e9s\u00e9nek \u00e9s villamos\u00edt\u00e1s\u00e1nak el\u0151k\u00e9sz\u00edt\u00e9se, d\u00f6nt\u00e9s-el\u0151k\u00e9sz\u00edt\u0151 tanulm\u00e1ny, v\u00e1ltozatelemz\u0151 tanulm\u00e1ny, enged\u00e9lyez\u00e9si terv, kiviteli terv \u00e9s kapcsol\u00f3d\u00f3 tenderdokument\u00e1ci\u00f3 elk\u00e9sz\u00edt\u00e9se V\u00e1mosgy\u00f6rk &#8211; Gy\u00f6ngy\u00f6s vas\u00fatvonal&hellip;<\/p>\n","protected":false},"author":1,"featured_media":0,"parent":0,"menu_order":0,"comment_status":"closed","ping_status":"closed","template":"","meta":{"footnotes":""},"_links":{"self":[{"href":"https:\/\/bilogik.hu\/index.php\/wp-json\/wp\/v2\/pages\/83"}],"collection":[{"href":"https:\/\/bilogik.hu\/index.php\/wp-json\/wp\/v2\/pages"}],"about":[{"href":"https:\/\/bilogik.hu\/index.php\/wp-json\/wp\/v2\/types\/page"}],"author":[{"embeddable":true,"href":"https:\/\/bilogik.hu\/index.php\/wp-json\/wp\/v2\/users\/1"}],"replies":[{"embeddable":true,"href":"https:\/\/bilogik.hu\/index.php\/wp-json\/wp\/v2\/comments?post=83"}],"version-history":[{"count":46,"href":"https:\/\/bilogik.hu\/index.php\/wp-json\/wp\/v2\/pages\/83\/revisions"}],"predecessor-version":[{"id":529,"href":"https:\/\/bilogik.hu\/index.php\/wp-json\/wp\/v2\/pages\/83\/revisions\/529"}],"wp:attachment":[{"href":"https:\/\/bilogik.hu\/index.php\/wp-json\/wp\/v2\/media?parent=83"}],"curies":[{"name":"wp","href":"https:\/\/api.w.org\/{rel}","templated":true}]}}